{"id":180,"date":"2020-05-04T10:25:08","date_gmt":"2020-05-04T10:25:08","guid":{"rendered":"https:\/\/test.suesskindaudio.de\/?page_id=180"},"modified":"2020-06-01T17:12:30","modified_gmt":"2020-06-01T17:12:30","slug":"philosophie","status":"publish","type":"page","link":"https:\/\/suesskindaudio.de\/es\/philosophie","title":{"rendered":"Filosof\u00eda"},"content":{"rendered":"<div data-elementor-type=\"wp-page\" data-elementor-id=\"180\" class=\"elementor elementor-180\" data-elementor-post-type=\"page\">\n\t\t\t\t\t\t<section class=\"elementor-section elementor-top-section elementor-element elementor-element-047fd75 elementor-section-full_width elementor-section-height-default elementor-section-height-default\" data-id=\"047fd75\" data-element_type=\"section\" data-e-type=\"section\" data-settings=\"{&quot;background_background&quot;:&quot;classic&quot;}\">\n\t\t\t\t\t\t\t<div class=\"elementor-background-overlay\"><\/div>\n\t\t\t\t\t\t\t<div class=\"elementor-container elementor-column-gap-default\">\n\t\t\t\t\t<div class=\"elementor-column elementor-col-100 elementor-top-column elementor-element elementor-element-206af88\" data-id=\"206af88\" data-element_type=\"column\" data-e-type=\"column\">\n\t\t\t<div class=\"elementor-widget-wrap elementor-element-populated\">\n\t\t\t\t\t\t<div class=\"elementor-element elementor-element-afb2216 elementor-widget elementor-widget-heading\" data-id=\"afb2216\" data-element_type=\"widget\" data-e-type=\"widget\" data-widget_type=\"heading.default\">\n\t\t\t\t<div class=\"elementor-widget-container\">\n\t\t\t\t\t<h2 class=\"elementor-heading-title elementor-size-default\">Nuestra filosof\u00eda corporativa<\/h2>\t\t\t\t<\/div>\n\t\t\t\t<\/div>\n\t\t\t\t<div class=\"elementor-element elementor-element-056b524 elementor-widget elementor-widget-text-editor\" data-id=\"056b524\" data-element_type=\"widget\" data-e-type=\"widget\" data-widget_type=\"text-editor.default\">\n\t\t\t\t<div class=\"elementor-widget-container\">\n\t\t\t\t\t\t\t\t\t<p>Los nuevos productos desarrollados por Joachim Gerhard se venden bajo la etiqueta de SUESSKIND Audio. Adem\u00e1s, el Sr. Gerhard est\u00e1 disponible a trav\u00e9s de Suesskind Audio como desarrollador para otras compa\u00f1\u00edas. Joachim Gerhard es ahora considerado un veterano mundialmente famoso de la industria alemana de alta gama. Su reputaci\u00f3n se basa en \u00e9xitos legendarios como desarrollador, cofundador y m\u00e1s tarde \u00fanico propietario de Audio Physic GmbH. Muchas de sus ideas encontraron su camino en libros y documentos cient\u00edficos especializados o fueron incorporadas en otros productos.<br \/><br \/>En los \u00faltimos a\u00f1os, lamentablemente, hemos visto una tendencia creciente a alejarse del rendimiento y acercarse a la comercializaci\u00f3n. Esto ha llevado a una presi\u00f3n cada vez mayor en muchas empresas, que pesa sobre los empleados: M\u00e1s trabajo en menos tiempo, m\u00e1s y m\u00e1s productos nuevos en el mismo per\u00edodo de tiempo. El valor a\u00f1adido se est\u00e1 desplazando al Lejano Oriente. Cada vez hay menos espacio para las iniciativas creativas de los empleados, el estilo de gesti\u00f3n exige la lealtad a los nibelungos. Todo lo que no se somete a una \"cultura de la imagen\" pulida se barre bajo la alfombra emocional con simples argumentos de globalizaci\u00f3n y aumento de precios. Hay un mont\u00f3n de buscadores de empleo que pueden ser servidos de forma barata en la piscina. Hay un clima de comprensi\u00f3n planificable e instrumental de supuestos criterios de avance tonal y formal. El producto est\u00e1 dise\u00f1ado en la mesa verde para un grupo de consumidores controlables. En pocas palabras, la primera cosa que se planea congelar cada d\u00eda es c\u00f3mo ganar m\u00e1s dinero r\u00e1pidamente.<br \/><br \/>Joachim Gerhard dej\u00f3 cada vez m\u00e1s claro en el pasado que no era as\u00ed como quer\u00eda ser empujado. M\u00e1s bien, su filosof\u00eda corporativa se basaba en los valores de la econom\u00eda social de mercado, que hizo famosas a las empresas alemanas en todo el mundo en los a\u00f1os cincuenta y setenta. El enfoque est\u00e1 en el empleado como persona, los productos son simplemente la expresi\u00f3n de una forma de pensar integrada que tiene en mente el bienestar de todos los involucrados en la empresa. Por supuesto, no se trata s\u00f3lo de celebrar la alegr\u00eda del trabajo en Suesskind. De hecho, el usuario de nuestros productos, es decir, usted... Estamos felices de dar lo mejor de nosotros cada d\u00eda para que esto suceda.<\/p>\t\t\t\t\t\t\t\t<\/div>\n\t\t\t\t<\/div>\n\t\t\t\t\t<\/div>\n\t\t<\/div>\n\t\t\t\t\t<\/div>\n\t\t<\/section>\n\t\t\t\t<\/div>","protected":false},"excerpt":{"rendered":"<p>Unsere Unternehmensphilosophie Unter dem Label SUESSKIND Audio werden neue, von Joachim Gerhard entwickelte Produkte verkauft. Au\u00dferdem steht Herr Gerhard \u00fcber Suesskind Audio als Entwickler f\u00fcr andere Firmen zur Verf\u00fcgung. Joachim Gerhard gilt mittlerweile als weltbekanntes Urgestein der deutschen High-End-Branche. Seinen Ruf begr\u00fcndete er mit legend\u00e4ren Erfolgen als Entwickler, Mitbegr\u00fcnder und sp\u00e4terer Alleineigent\u00fcmer der Audio Physic [&hellip;]<\/p>\n","protected":false},"author":1,"featured_media":0,"parent":0,"menu_order":0,"comment_status":"closed","ping_status":"closed","template":"","meta":{"_monsterinsights_skip_tracking":false,"_monsterinsights_sitenote_active":false,"_monsterinsights_sitenote_note":"","_monsterinsights_sitenote_category":0,"ocean_post_layout":"full-screen","ocean_both_sidebars_style":"","ocean_both_sidebars_content_width":0,"ocean_both_sidebars_sidebars_width":0,"ocean_sidebar":"0","ocean_second_sidebar":"0","ocean_disable_margins":"enable","ocean_add_body_class":"","ocean_shortcode_before_top_bar":"","ocean_shortcode_after_top_bar":"","ocean_shortcode_before_header":"","ocean_shortcode_after_header":"","ocean_has_shortcode":"","ocean_shortcode_after_title":"","ocean_shortcode_before_footer_widgets":"","ocean_shortcode_after_footer_widgets":"","ocean_shortcode_before_footer_bottom":"","ocean_shortcode_after_footer_bottom":"","ocean_display_top_bar":"off","ocean_display_header":"default","ocean_header_style":"","ocean_center_header_left_menu":"0","ocean_custom_header_template":"0","ocean_custom_logo":0,"ocean_custom_retina_logo":0,"ocean_custom_logo_max_width":0,"ocean_custom_logo_tablet_max_width":0,"ocean_custom_logo_mobile_max_width":0,"ocean_custom_logo_max_height":0,"ocean_custom_logo_tablet_max_height":0,"ocean_custom_logo_mobile_max_height":0,"ocean_header_custom_menu":"0","ocean_menu_typo_font_family":"0","ocean_menu_typo_font_subset":"","ocean_menu_typo_font_size":0,"ocean_menu_typo_font_size_tablet":0,"ocean_menu_typo_font_size_mobile":0,"ocean_menu_typo_font_size_unit":"px","ocean_menu_typo_font_weight":"","ocean_menu_typo_font_weight_tablet":"","ocean_menu_typo_font_weight_mobile":"","ocean_menu_typo_transform":"","ocean_menu_typo_transform_tablet":"","ocean_menu_typo_transform_mobile":"","ocean_menu_typo_line_height":0,"ocean_menu_typo_line_height_tablet":0,"ocean_menu_typo_line_height_mobile":0,"ocean_menu_typo_line_height_unit":"","ocean_menu_typo_spacing":0,"ocean_menu_typo_spacing_tablet":0,"ocean_menu_typo_spacing_mobile":0,"ocean_menu_typo_spacing_unit":"","ocean_menu_link_color":"","ocean_menu_link_color_hover":"","ocean_menu_link_color_active":"","ocean_menu_link_background":"","ocean_menu_link_hover_background":"","ocean_menu_link_active_background":"","ocean_menu_social_links_bg":"","ocean_menu_social_hover_links_bg":"","ocean_menu_social_links_color":"","ocean_menu_social_hover_links_color":"","ocean_disable_title":"on","ocean_disable_heading":"default","ocean_post_title":"","ocean_post_subheading":"","ocean_post_title_style":"","ocean_post_title_background_color":"","ocean_post_title_background":0,"ocean_post_title_bg_image_position":"","ocean_post_title_bg_image_attachment":"","ocean_post_title_bg_image_repeat":"","ocean_post_title_bg_image_size":"","ocean_post_title_height":0,"ocean_post_title_bg_overlay":0.5,"ocean_post_title_bg_overlay_color":"","ocean_disable_breadcrumbs":"default","ocean_breadcrumbs_color":"","ocean_breadcrumbs_separator_color":"","ocean_breadcrumbs_links_color":"","ocean_breadcrumbs_links_hover_color":"","ocean_display_footer_widgets":"default","ocean_display_footer_bottom":"default","ocean_custom_footer_template":"0","footnotes":""},"class_list":["post-180","page","type-page","status-publish","hentry","entry"],"yoast_head":"<!-- This site is optimized with the Yoast SEO plugin v26.8 - https:\/\/yoast.com\/product\/yoast-seo-wordpress\/ -->\n<title>Philosophie - Suesskind Audio<\/title>\n<meta name=\"robots\" content=\"index, follow, max-snippet:-1, max-image-preview:large, max-video-preview:-1\" \/>\n<link rel=\"canonical\" href=\"https:\/\/suesskindaudio.de\/es\/philosophie\/\" \/>\n<meta property=\"og:locale\" content=\"es_ES\" \/>\n<meta property=\"og:type\" content=\"article\" \/>\n<meta property=\"og:title\" content=\"Philosophie - Suesskind Audio\" \/>\n<meta property=\"og:description\" content=\"Unsere Unternehmensphilosophie Unter dem Label SUESSKIND Audio werden neue, von Joachim Gerhard entwickelte Produkte verkauft. Au\u00dferdem steht Herr Gerhard \u00fcber Suesskind Audio als Entwickler f\u00fcr andere Firmen zur Verf\u00fcgung. Joachim Gerhard gilt mittlerweile als weltbekanntes Urgestein der deutschen High-End-Branche. Seinen Ruf begr\u00fcndete er mit legend\u00e4ren Erfolgen als Entwickler, Mitbegr\u00fcnder und sp\u00e4terer Alleineigent\u00fcmer der Audio Physic [&hellip;]\" \/>\n<meta property=\"og:url\" content=\"https:\/\/suesskindaudio.de\/es\/philosophie\/\" \/>\n<meta property=\"og:site_name\" content=\"Suesskind Audio\" \/>\n<meta property=\"article:modified_time\" content=\"2020-06-01T17:12:30+00:00\" \/>\n<meta name=\"twitter:card\" content=\"summary_large_image\" \/>\n<meta name=\"twitter:label1\" content=\"Tiempo de lectura\" \/>\n\t<meta name=\"twitter:data1\" content=\"2 minutos\" \/>\n<script type=\"application\/ld+json\" class=\"yoast-schema-graph\">{\"@context\":\"https:\/\/schema.org\",\"@graph\":[{\"@type\":\"WebPage\",\"@id\":\"https:\/\/suesskindaudio.de\/philosophie\",\"url\":\"https:\/\/suesskindaudio.de\/philosophie\",\"name\":\"Philosophie - Suesskind Audio\",\"isPartOf\":{\"@id\":\"https:\/\/suesskindaudio.de\/#website\"},\"datePublished\":\"2020-05-04T10:25:08+00:00\",\"dateModified\":\"2020-06-01T17:12:30+00:00\",\"breadcrumb\":{\"@id\":\"https:\/\/suesskindaudio.de\/philosophie#breadcrumb\"},\"inLanguage\":\"es\",\"potentialAction\":[{\"@type\":\"ReadAction\",\"target\":[\"https:\/\/suesskindaudio.de\/philosophie\"]}]},{\"@type\":\"BreadcrumbList\",\"@id\":\"https:\/\/suesskindaudio.de\/philosophie#breadcrumb\",\"itemListElement\":[{\"@type\":\"ListItem\",\"position\":1,\"name\":\"Startseite\",\"item\":\"https:\/\/suesskindaudio.de\/\"},{\"@type\":\"ListItem\",\"position\":2,\"name\":\"Philosophie\"}]},{\"@type\":\"WebSite\",\"@id\":\"https:\/\/suesskindaudio.de\/#website\",\"url\":\"https:\/\/suesskindaudio.de\/\",\"name\":\"Suesskind Audio\",\"description\":\"Hervorragende handgefertigte Lautsprecher by Joachim Gerhard\",\"publisher\":{\"@id\":\"https:\/\/suesskindaudio.de\/#organization\"},\"potentialAction\":[{\"@type\":\"SearchAction\",\"target\":{\"@type\":\"EntryPoint\",\"urlTemplate\":\"https:\/\/suesskindaudio.de\/?s={search_term_string}\"},\"query-input\":{\"@type\":\"PropertyValueSpecification\",\"valueRequired\":true,\"valueName\":\"search_term_string\"}}],\"inLanguage\":\"es\"},{\"@type\":\"Organization\",\"@id\":\"https:\/\/suesskindaudio.de\/#organization\",\"name\":\"Suesskind Audio\",\"url\":\"https:\/\/suesskindaudio.de\/\",\"logo\":{\"@type\":\"ImageObject\",\"inLanguage\":\"es\",\"@id\":\"https:\/\/suesskindaudio.de\/#\/schema\/logo\/image\/\",\"url\":\"https:\/\/suesskindaudio.de\/wp-content\/uploads\/2020\/06\/Suesskindaudio-Logo300.jpg\",\"contentUrl\":\"https:\/\/suesskindaudio.de\/wp-content\/uploads\/2020\/06\/Suesskindaudio-Logo300.jpg\",\"width\":1449,\"height\":463,\"caption\":\"Suesskind Audio\"},\"image\":{\"@id\":\"https:\/\/suesskindaudio.de\/#\/schema\/logo\/image\/\"}}]}<\/script>\n<!-- \/ Yoast SEO plugin. -->","yoast_head_json":{"title":"Filosof\u00eda - Suesskind Audio","robots":{"index":"index","follow":"follow","max-snippet":"max-snippet:-1","max-image-preview":"max-image-preview:large","max-video-preview":"max-video-preview:-1"},"canonical":"https:\/\/suesskindaudio.de\/es\/philosophie\/","og_locale":"es_ES","og_type":"article","og_title":"Philosophie - Suesskind Audio","og_description":"Unsere Unternehmensphilosophie Unter dem Label SUESSKIND Audio werden neue, von Joachim Gerhard entwickelte Produkte verkauft. Au\u00dferdem steht Herr Gerhard \u00fcber Suesskind Audio als Entwickler f\u00fcr andere Firmen zur Verf\u00fcgung. Joachim Gerhard gilt mittlerweile als weltbekanntes Urgestein der deutschen High-End-Branche. Seinen Ruf begr\u00fcndete er mit legend\u00e4ren Erfolgen als Entwickler, Mitbegr\u00fcnder und sp\u00e4terer Alleineigent\u00fcmer der Audio Physic [&hellip;]","og_url":"https:\/\/suesskindaudio.de\/es\/philosophie\/","og_site_name":"Suesskind Audio","article_modified_time":"2020-06-01T17:12:30+00:00","twitter_card":"summary_large_image","twitter_misc":{"Tiempo de lectura":"2 minutos"},"schema":{"@context":"https:\/\/schema.org","@graph":[{"@type":"WebPage","@id":"https:\/\/suesskindaudio.de\/philosophie","url":"https:\/\/suesskindaudio.de\/philosophie","name":"Filosof\u00eda - Suesskind Audio","isPartOf":{"@id":"https:\/\/suesskindaudio.de\/#website"},"datePublished":"2020-05-04T10:25:08+00:00","dateModified":"2020-06-01T17:12:30+00:00","breadcrumb":{"@id":"https:\/\/suesskindaudio.de\/philosophie#breadcrumb"},"inLanguage":"es","potentialAction":[{"@type":"ReadAction","target":["https:\/\/suesskindaudio.de\/philosophie"]}]},{"@type":"BreadcrumbList","@id":"https:\/\/suesskindaudio.de\/philosophie#breadcrumb","itemListElement":[{"@type":"ListItem","position":1,"name":"Startseite","item":"https:\/\/suesskindaudio.de\/"},{"@type":"ListItem","position":2,"name":"Philosophie"}]},{"@type":"WebSite","@id":"https:\/\/suesskindaudio.de\/#website","url":"https:\/\/suesskindaudio.de\/","name":"Suesskind Audio","description":"Excepcionales altavoces hechos a mano por Joachim Gerhard","publisher":{"@id":"https:\/\/suesskindaudio.de\/#organization"},"potentialAction":[{"@type":"SearchAction","target":{"@type":"EntryPoint","urlTemplate":"https:\/\/suesskindaudio.de\/?s={search_term_string}"},"query-input":{"@type":"PropertyValueSpecification","valueRequired":true,"valueName":"search_term_string"}}],"inLanguage":"es"},{"@type":"Organization","@id":"https:\/\/suesskindaudio.de\/#organization","name":"Suesskind Audio","url":"https:\/\/suesskindaudio.de\/","logo":{"@type":"ImageObject","inLanguage":"es","@id":"https:\/\/suesskindaudio.de\/#\/schema\/logo\/image\/","url":"https:\/\/suesskindaudio.de\/wp-content\/uploads\/2020\/06\/Suesskindaudio-Logo300.jpg","contentUrl":"https:\/\/suesskindaudio.de\/wp-content\/uploads\/2020\/06\/Suesskindaudio-Logo300.jpg","width":1449,"height":463,"caption":"Suesskind Audio"},"image":{"@id":"https:\/\/suesskindaudio.de\/#\/schema\/logo\/image\/"}}]}},"_links":{"self":[{"href":"https:\/\/suesskindaudio.de\/es\/wp-json\/wp\/v2\/pages\/180","targetHints":{"allow":["GET"]}}],"collection":[{"href":"https:\/\/suesskindaudio.de\/es\/wp-json\/wp\/v2\/pages"}],"about":[{"href":"https:\/\/suesskindaudio.de\/es\/wp-json\/wp\/v2\/types\/page"}],"author":[{"embeddable":true,"href":"https:\/\/suesskindaudio.de\/es\/wp-json\/wp\/v2\/users\/1"}],"replies":[{"embeddable":true,"href":"https:\/\/suesskindaudio.de\/es\/wp-json\/wp\/v2\/comments?post=180"}],"version-history":[{"count":13,"href":"https:\/\/suesskindaudio.de\/es\/wp-json\/wp\/v2\/pages\/180\/revisions"}],"predecessor-version":[{"id":984,"href":"https:\/\/suesskindaudio.de\/es\/wp-json\/wp\/v2\/pages\/180\/revisions\/984"}],"wp:attachment":[{"href":"https:\/\/suesskindaudio.de\/es\/wp-json\/wp\/v2\/media?parent=180"}],"curies":[{"name":"wp","href":"https:\/\/api.w.org\/{rel}","templated":true}]}}