{"id":1910,"date":"2021-08-28T16:49:35","date_gmt":"2021-08-28T16:49:35","guid":{"rendered":"https:\/\/suesskindaudio.de\/widerrufsbelehrung"},"modified":"2022-05-10T18:07:30","modified_gmt":"2022-05-10T18:07:30","slug":"widerrufsbelehrung","status":"publish","type":"page","link":"https:\/\/suesskindaudio.de\/es\/widerrufsbelehrung","title":{"rendered":"Pol\u00edtica de cancelaci\u00f3n"},"content":{"rendered":"<div data-elementor-type=\"wp-page\" data-elementor-id=\"1910\" class=\"elementor elementor-1910\" data-elementor-post-type=\"page\">\n\t\t\t\t\t\t<section class=\"elementor-section elementor-top-section elementor-element elementor-element-2a4a5b9c elementor-section-boxed elementor-section-height-default elementor-section-height-default\" data-id=\"2a4a5b9c\" data-element_type=\"section\" data-e-type=\"section\">\n\t\t\t\t\t\t<div class=\"elementor-container elementor-column-gap-default\">\n\t\t\t\t\t<div class=\"elementor-column elementor-col-100 elementor-top-column elementor-element elementor-element-454d8450\" data-id=\"454d8450\" data-element_type=\"column\" data-e-type=\"column\">\n\t\t\t<div class=\"elementor-widget-wrap elementor-element-populated\">\n\t\t\t\t\t\t<div class=\"elementor-element elementor-element-cad516c elementor-widget elementor-widget-html\" data-id=\"cad516c\" data-element_type=\"widget\" data-e-type=\"widget\" data-widget_type=\"html.default\">\n\t\t\t\t<div class=\"elementor-widget-container\">\n\t\t\t\t\t\r\n\r\n    \r\n    \r\n\r\n\r\n\r\n\r\n\r\n\r\n\r\n\r\n\r\n\r\n<span style=\"font-size:14px;\"><strong><span style=\"font-size:18px;\">Derecho de desistimiento de los consumidores&nbsp;<\/span><\/strong><\/span><span style=\"font-size:14px;\"><strong><span style=\"font-size:18px;\"><span style=\"font-size:14px;\"><span style=\"font-size:18px;\"><\/span><\/span><\/span><\/strong><\/span><br \/>\r\n<span style=\"font-size:14px;\">(Un consumidor es toda persona f\u00edsica que realiza un negocio jur\u00eddico con fines predominantemente no comerciales ni aut\u00f3nomos).<\/span><br \/>\r\n<br \/>\r\n<span style=\"font-size:16px;\"><strong>Pol\u00edtica de cancelaci\u00f3n<\/strong><\/span><br \/>\r\n<br \/>\r\n<span style=\"font-size:14px;\"><strong>Derecho de desistimiento<\/strong><br \/>\r\nTiene derecho a rescindir este contrato en un plazo de 14 d\u00edas sin indicar el motivo.<br \/>\r\nEl plazo de desistimiento es de 14 d\u00edas a partir de la fecha, <\/span><br \/>\r\n<br \/>\r\n<span style=\"font-size:14px;\">- en la que usted o un tercero nombrado por usted, que no sea el transportista, haya tomado o tome posesi\u00f3n de las mercanc\u00edas, si usted ha pedido una o varias mercanc\u00edas como parte de un pedido uniforme y \u00e9stas se entregan o se entregar\u00e1n de manera uniforme<\/span>;<br \/>\r\n<br \/>\r\n<span style=\"font-size:14px;\">- en la que usted o un tercero nombrado por usted, que no sea el transportista, haya tomado posesi\u00f3n de la \u00faltima mercanc\u00eda o haya tomado posesi\u00f3n de la \u00faltima mercanc\u00eda, si usted ha pedido varias mercanc\u00edas como parte de un pedido uniforme y \u00e9stas se entregan por separado<\/span>;<br \/>\r\n<br \/>\r\n<span style=\"font-size:14px;\">- en la que usted o un tercero nombrado por usted, que no sea el transportista, haya tomado posesi\u00f3n del \u00faltimo env\u00edo parcial o de la \u00faltima pieza, si ha pedido mercanc\u00edas que se entregan en varios env\u00edos parciales o piezas<\/span>;<br \/>\r\n<br \/>\r\n<span style=\"font-size:14px;\">Para ejercer su derecho de desistimiento, debe enviarnos <strong>(Suesskind UG(haftungsbeschr\u00e4nkt), Immenh\u00fctte 10, 59929 Brilon, tel\u00e9fono: +49 29619119989, correo electr\u00f3nico: info@suesskindaudio.de)<\/strong> mediante una declaraci\u00f3n clara (por ejemplo, una carta enviada por correo postal, fax o correo electr\u00f3nico) de su decisi\u00f3n de revocar este contrato. Para ello, puede utilizar el modelo de formulario de desistimiento adjunto, que, sin embargo, no es obligatorio.<\/span><br \/>\r\n<br \/>\r\n<span style=\"font-size:14px;\">Para cumplir el plazo de cancelaci\u00f3n, basta con que env\u00ede la notificaci\u00f3n del ejercicio del derecho de cancelaci\u00f3n antes de que finalice el plazo de cancelaci\u00f3n.<\/span><br \/>\r\n<br \/>\r\n<span style=\"font-size:14px;\"><strong>Consecuencias de la revocaci\u00f3n<\/strong><br \/>\r\n<br \/>\r\nSi usted revoca este contrato, deberemos devolverle todos los pagos que hayamos recibido de usted, incluidos los gastos de env\u00edo (a excepci\u00f3n de los gastos adicionales resultantes del hecho de que usted haya elegido un tipo de env\u00edo distinto del env\u00edo est\u00e1ndar m\u00e1s barato ofrecido por nosotros), sin demora y a m\u00e1s tardar en un plazo de 14<span style=\"font-size:14px;\">&nbsp;D\u00edas<\/span> a partir del d\u00eda en que recibamos la notificaci\u00f3n de su cancelaci\u00f3n de este contrato. Para este reembolso, utilizaremos el mismo medio de pago que usted utiliz\u00f3 para la transacci\u00f3n original, a menos que se acuerde expresamente lo contrario con usted; en ning\u00fan caso se le cobrar\u00e1 por este reembolso.<\/span><br \/>\r\n<br \/>\r\n<span style=\"font-size:14px;\">Podremos denegar el reembolso hasta que hayamos recibido la mercanc\u00eda o hasta que usted haya presentado una prueba de que ha devuelto la mercanc\u00eda, lo que ocurra primero.<\/span><br \/>\r\n<br \/>\r\n<span style=\"font-size:14px;\">Debe devolver la mercanc\u00eda inmediatamente y, en cualquier caso, en un plazo m\u00e1ximo de 14 d\u00edas.<span style=\"font-size:14px;\"><span style=\"font-size:14px;\"><span style=\"font-size:14px;\">&nbsp;D\u00edas<\/span><\/span> <\/span>a partir del d\u00eda en que nos notifique la revocaci\u00f3n de este contrato.&nbsp;<\/span><span style=\"font-size:14px;\">para devolver o entregar la mercanc\u00eda. El plazo se cumple si devuelve la mercanc\u00eda antes de que expire el plazo de <span style=\"font-size:14px;\">14 d\u00edas<\/span> Enviar<\/span><br \/>\r\n<br \/>\r\n<span style=\"font-size:14px;\">Usted asumir\u00e1 los costes directos de la devoluci\u00f3n de los productos que puedan enviarse por paquete postal y los costes directos de la devoluci\u00f3n de los productos que no puedan enviarse por paquete postal.<\/span><span style=\"font-size: 14px;\">&nbsp;<\/span><span style=\"font-size:14px;\">Los costes de las mercanc\u00edas que no pueden enviarse por paquete postal se estiman en un m\u00e1ximo de unos 70 euros.<\/span><br \/>\r\n<br \/>\r\n<span style=\"font-size:14px;\">S\u00f3lo tiene que pagar la p\u00e9rdida de valor de la mercanc\u00eda si \u00e9sta se debe a una manipulaci\u00f3n de la misma que no es necesaria para comprobar su calidad, caracter\u00edsticas y funcionamiento.<\/span><br \/>\r\n<br \/>\r\n<span style=\"font-size:14px;\"><strong>Motivos de exclusi\u00f3n o caducidad<\/strong><br \/>\r\n<br \/>\r\nEl derecho de desistimiento no se aplica a los contratos<\/span><br \/>\r\n<br \/>\r\n<span style=\"font-size:14px;\">- para la entrega de bienes que no sean prefabricados y para cuya producci\u00f3n sea decisiva una selecci\u00f3n o determinaci\u00f3n individual por parte del consumidor o que est\u00e9n claramente adaptados a las necesidades personales de \u00e9ste;<\/span><br \/>\r\n<span style=\"font-size:14px;\">- para la entrega de mercanc\u00edas que pueden estropearse r\u00e1pidamente o cuya fecha de caducidad se superar\u00eda r\u00e1pidamente;<\/span><br \/>\r\n<span style=\"font-size:14px;\">- para la entrega de bebidas alcoh\u00f3licas, cuyo precio se acord\u00f3 en el momento de la celebraci\u00f3n del contrato, pero que pueden entregarse como muy pronto 30 d\u00edas despu\u00e9s de la celebraci\u00f3n del contrato y cuyo valor actual depende de las fluctuaciones del mercado sobre las que el empresario no tiene influencia;<\/span><br \/>\r\n<span style=\"font-size:14px;\">- para la entrega de diarios, publicaciones peri\u00f3dicas o revistas, a excepci\u00f3n de los contratos de suscripci\u00f3n.<\/span><br \/>\r\n<br \/>\r\n<span style=\"font-size:14px;\">El derecho de desistimiento expira prematuramente en el caso de los contratos<\/span><br \/>\r\n<br \/>\r\n<span style=\"font-size:14px;\"><span style=\"font-size:14px;\">- para la entrega de mercanc\u00edas precintadas que no sean aptas para su devoluci\u00f3n por razones de protecci\u00f3n de la salud o de higiene, si su precinto ha sido retirado despu\u00e9s de la entrega;<\/span><\/span><br \/>\r\n<span style=\"font-size:14px;\"><span style=\"font-size:14px;\">- para la entrega de bienes si \u00e9stos se han mezclado inseparablemente con otros bienes despu\u00e9s de la entrega debido a su naturaleza;<\/span><\/span><br \/>\r\n<span style=\"font-size:14px;\"><span style=\"font-size:14px;\">- para la entrega de grabaciones de sonido o v\u00eddeo o de programas inform\u00e1ticos en un paquete sellado si el sello se ha retirado despu\u00e9s de la entrega.<\/span><\/span><br \/>\r\n<br \/><span style=\"font-size:14px;\"><hr\/>\r\n<br \/>\r\n<strong>Modelo de formulario de anulaci\u00f3n<\/strong><br \/>\r\n<br \/>\r\n(Si desea revocar el contrato, rellene y devuelva este formulario).<br \/>\r\n<br \/>\r\n- Un <span style=\"font-size:14px;\"><span style=\"font-size:14px;\">Suesskind UG(haftungsbeschr\u00e4nkt), Immenh\u00fctte 10, 59929 Brilon<span style=\"font-size:14px;\"><span style=\"font-size:14px;\">,<\/span><\/span> <span style=\"font-size:14px;\"><span style=\"font-size:14px;\"><span style=\"font-size:14px;\"><span style=\"font-size:14px;\"> <span style=\"font-size:14px;\">Direcci\u00f3n de correo electr\u00f3nico:&nbsp;<\/span><\/span><\/span><span style=\"font-size:14px;\"><span style=\"font-size:14px;\"><span style=\"font-size:14px;\"><span style=\"font-size:14px;\">info@suesskindaudio.de<\/span><\/span><\/span><\/span> :<\/span><\/span><\/span><\/span><br \/>\r\n<br \/>\r\n- Yo\/nosotros (*) revocamos el contrato celebrado por m\u00ed\/nosotros (*) para la compra de los siguientes bienes (*)\/<br \/>\r\n&nbsp; la prestaci\u00f3n del siguiente servicio (*)<br \/>\r\n<br \/>\r\n- Pedido el (*)\/ recibido el (*)<br \/>\r\n<br \/>\r\n- Nombre del consumidor(es)<br \/>\r\n- Direcci\u00f3n del consumidor o consumidores<br \/>\r\n- Firma del consumidor o consumidores (s\u00f3lo en caso de notificaci\u00f3n en papel)<br \/>\r\n- Fecha<br \/>\r\n<br \/>\r\n(*) T\u00e1chese lo que proceda.<\/span><br \/>\r\n<br \/>\r\n\r\n\t\t\t\t<\/div>\n\t\t\t\t<\/div>\n\t\t\t\t\t<\/div>\n\t\t<\/div>\n\t\t\t\t\t<\/div>\n\t\t<\/section>\n\t\t\t\t<\/div>","protected":false},"excerpt":{"rendered":"<p>Widerrufsrecht f&uuml;r Verbraucher&nbsp; (Verbraucher ist jede nat&uuml;rliche Person, die ein Rechtsgesch&auml;ft zu Zwecken abschlie&szlig;t, die &uuml;berwiegend weder ihrer gewerblichen noch ihrer selbstst&auml;ndigen beruflichen T&auml;tigkeit zugerechnet werden k&ouml;nnen.) Widerrufsbelehrung Widerrufsrecht Sie haben das Recht, binnen 14 Tagen ohne Angabe von Gr&uuml;nden diesen Vertrag zu widerrufen. Die Widerrufsfrist betr&auml;gt 14 Tage ab dem Tag, &#8211; an dem [&hellip;]<\/p>\n","protected":false},"author":1,"featured_media":0,"parent":0,"menu_order":0,"comment_status":"closed","ping_status":"closed","template":"","meta":{"_monsterinsights_skip_tracking":false,"_monsterinsights_sitenote_active":false,"_monsterinsights_sitenote_note":"","_monsterinsights_sitenote_category":0,"ocean_post_layout":"full-screen","ocean_both_sidebars_style":"","ocean_both_sidebars_content_width":0,"ocean_both_sidebars_sidebars_width":0,"ocean_sidebar":"0","ocean_second_sidebar":"0","ocean_disable_margins":"enable","ocean_add_body_class":"","ocean_shortcode_before_top_bar":"","ocean_shortcode_after_top_bar":"","ocean_shortcode_before_header":"","ocean_shortcode_after_header":"","ocean_has_shortcode":"","ocean_shortcode_after_title":"","ocean_shortcode_before_footer_widgets":"","ocean_shortcode_after_footer_widgets":"","ocean_shortcode_before_footer_bottom":"","ocean_shortcode_after_footer_bottom":"","ocean_display_top_bar":"default","ocean_display_header":"default","ocean_header_style":"","ocean_center_header_left_menu":"0","ocean_custom_header_template":"0","ocean_custom_logo":0,"ocean_custom_retina_logo":0,"ocean_custom_logo_max_width":0,"ocean_custom_logo_tablet_max_width":0,"ocean_custom_logo_mobile_max_width":0,"ocean_custom_logo_max_height":0,"ocean_custom_logo_tablet_max_height":0,"ocean_custom_logo_mobile_max_height":0,"ocean_header_custom_menu":"0","ocean_menu_typo_font_family":"0","ocean_menu_typo_font_subset":"","ocean_menu_typo_font_size":0,"ocean_menu_typo_font_size_tablet":0,"ocean_menu_typo_font_size_mobile":0,"ocean_menu_typo_font_size_unit":"px","ocean_menu_typo_font_weight":"","ocean_menu_typo_font_weight_tablet":"","ocean_menu_typo_font_weight_mobile":"","ocean_menu_typo_transform":"","ocean_menu_typo_transform_tablet":"","ocean_menu_typo_transform_mobile":"","ocean_menu_typo_line_height":0,"ocean_menu_typo_line_height_tablet":0,"ocean_menu_typo_line_height_mobile":0,"ocean_menu_typo_line_height_unit":"","ocean_menu_typo_spacing":0,"ocean_menu_typo_spacing_tablet":0,"ocean_menu_typo_spacing_mobile":0,"ocean_menu_typo_spacing_unit":"","ocean_menu_link_color":"","ocean_menu_link_color_hover":"","ocean_menu_link_color_active":"","ocean_menu_link_background":"","ocean_menu_link_hover_background":"","ocean_menu_link_active_background":"","ocean_menu_social_links_bg":"","ocean_menu_social_hover_links_bg":"","ocean_menu_social_links_color":"","ocean_menu_social_hover_links_color":"","ocean_disable_title":"default","ocean_disable_heading":"default","ocean_post_title":"","ocean_post_subheading":"","ocean_post_title_style":"","ocean_post_title_background_color":"","ocean_post_title_background":0,"ocean_post_title_bg_image_position":"","ocean_post_title_bg_image_attachment":"","ocean_post_title_bg_image_repeat":"","ocean_post_title_bg_image_size":"","ocean_post_title_height":0,"ocean_post_title_bg_overlay":0.5,"ocean_post_title_bg_overlay_color":"","ocean_disable_breadcrumbs":"default","ocean_breadcrumbs_color":"","ocean_breadcrumbs_separator_color":"","ocean_breadcrumbs_links_color":"","ocean_breadcrumbs_links_hover_color":"","ocean_display_footer_widgets":"default","ocean_display_footer_bottom":"default","ocean_custom_footer_template":"0","footnotes":""},"class_list":["post-1910","page","type-page","status-publish","hentry","entry"],"yoast_head":"<!-- This site is optimized with the Yoast SEO plugin v26.8 - https:\/\/yoast.com\/product\/yoast-seo-wordpress\/ -->\n<title>Widerrufsbelehrung - Suesskind Audio<\/title>\n<meta name=\"robots\" content=\"index, follow, max-snippet:-1, max-image-preview:large, max-video-preview:-1\" \/>\n<link rel=\"canonical\" href=\"https:\/\/suesskindaudio.de\/es\/widerrufsbelehrung\/\" \/>\n<meta property=\"og:locale\" content=\"es_ES\" \/>\n<meta property=\"og:type\" content=\"article\" \/>\n<meta property=\"og:title\" content=\"Widerrufsbelehrung - Suesskind Audio\" \/>\n<meta property=\"og:description\" content=\"Widerrufsrecht f&uuml;r Verbraucher&nbsp; (Verbraucher ist jede nat&uuml;rliche Person, die ein Rechtsgesch&auml;ft zu Zwecken abschlie&szlig;t, die &uuml;berwiegend weder ihrer gewerblichen noch ihrer selbstst&auml;ndigen beruflichen T&auml;tigkeit zugerechnet werden k&ouml;nnen.) Widerrufsbelehrung Widerrufsrecht Sie haben das Recht, binnen 14 Tagen ohne Angabe von Gr&uuml;nden diesen Vertrag zu widerrufen. Die Widerrufsfrist betr&auml;gt 14 Tage ab dem Tag, &#8211; an dem [&hellip;]\" \/>\n<meta property=\"og:url\" content=\"https:\/\/suesskindaudio.de\/es\/widerrufsbelehrung\/\" \/>\n<meta property=\"og:site_name\" content=\"Suesskind Audio\" \/>\n<meta property=\"article:modified_time\" content=\"2022-05-10T18:07:30+00:00\" \/>\n<meta name=\"twitter:card\" content=\"summary_large_image\" \/>\n<meta name=\"twitter:label1\" content=\"Tiempo de lectura\" \/>\n\t<meta name=\"twitter:data1\" content=\"5 minutos\" \/>\n<script type=\"application\/ld+json\" class=\"yoast-schema-graph\">{\"@context\":\"https:\/\/schema.org\",\"@graph\":[{\"@type\":\"WebPage\",\"@id\":\"https:\/\/suesskindaudio.de\/widerrufsbelehrung\",\"url\":\"https:\/\/suesskindaudio.de\/widerrufsbelehrung\",\"name\":\"Widerrufsbelehrung - Suesskind Audio\",\"isPartOf\":{\"@id\":\"https:\/\/suesskindaudio.de\/#website\"},\"datePublished\":\"2021-08-28T16:49:35+00:00\",\"dateModified\":\"2022-05-10T18:07:30+00:00\",\"breadcrumb\":{\"@id\":\"https:\/\/suesskindaudio.de\/widerrufsbelehrung#breadcrumb\"},\"inLanguage\":\"es\",\"potentialAction\":[{\"@type\":\"ReadAction\",\"target\":[\"https:\/\/suesskindaudio.de\/widerrufsbelehrung\"]}]},{\"@type\":\"BreadcrumbList\",\"@id\":\"https:\/\/suesskindaudio.de\/widerrufsbelehrung#breadcrumb\",\"itemListElement\":[{\"@type\":\"ListItem\",\"position\":1,\"name\":\"Startseite\",\"item\":\"https:\/\/suesskindaudio.de\/\"},{\"@type\":\"ListItem\",\"position\":2,\"name\":\"Widerrufsbelehrung\"}]},{\"@type\":\"WebSite\",\"@id\":\"https:\/\/suesskindaudio.de\/#website\",\"url\":\"https:\/\/suesskindaudio.de\/\",\"name\":\"Suesskind Audio\",\"description\":\"Hervorragende handgefertigte Lautsprecher by Joachim Gerhard\",\"publisher\":{\"@id\":\"https:\/\/suesskindaudio.de\/#organization\"},\"potentialAction\":[{\"@type\":\"SearchAction\",\"target\":{\"@type\":\"EntryPoint\",\"urlTemplate\":\"https:\/\/suesskindaudio.de\/?s={search_term_string}\"},\"query-input\":{\"@type\":\"PropertyValueSpecification\",\"valueRequired\":true,\"valueName\":\"search_term_string\"}}],\"inLanguage\":\"es\"},{\"@type\":\"Organization\",\"@id\":\"https:\/\/suesskindaudio.de\/#organization\",\"name\":\"Suesskind Audio\",\"url\":\"https:\/\/suesskindaudio.de\/\",\"logo\":{\"@type\":\"ImageObject\",\"inLanguage\":\"es\",\"@id\":\"https:\/\/suesskindaudio.de\/#\/schema\/logo\/image\/\",\"url\":\"https:\/\/suesskindaudio.de\/wp-content\/uploads\/2020\/06\/Suesskindaudio-Logo300.jpg\",\"contentUrl\":\"https:\/\/suesskindaudio.de\/wp-content\/uploads\/2020\/06\/Suesskindaudio-Logo300.jpg\",\"width\":1449,\"height\":463,\"caption\":\"Suesskind Audio\"},\"image\":{\"@id\":\"https:\/\/suesskindaudio.de\/#\/schema\/logo\/image\/\"}}]}<\/script>\n<!-- \/ Yoast SEO plugin. -->","yoast_head_json":{"title":"Pol\u00edtica de cancelaci\u00f3n - Suesskind Audio","robots":{"index":"index","follow":"follow","max-snippet":"max-snippet:-1","max-image-preview":"max-image-preview:large","max-video-preview":"max-video-preview:-1"},"canonical":"https:\/\/suesskindaudio.de\/es\/widerrufsbelehrung\/","og_locale":"es_ES","og_type":"article","og_title":"Widerrufsbelehrung - Suesskind Audio","og_description":"Widerrufsrecht f&uuml;r Verbraucher&nbsp; (Verbraucher ist jede nat&uuml;rliche Person, die ein Rechtsgesch&auml;ft zu Zwecken abschlie&szlig;t, die &uuml;berwiegend weder ihrer gewerblichen noch ihrer selbstst&auml;ndigen beruflichen T&auml;tigkeit zugerechnet werden k&ouml;nnen.) Widerrufsbelehrung Widerrufsrecht Sie haben das Recht, binnen 14 Tagen ohne Angabe von Gr&uuml;nden diesen Vertrag zu widerrufen. Die Widerrufsfrist betr&auml;gt 14 Tage ab dem Tag, &#8211; an dem [&hellip;]","og_url":"https:\/\/suesskindaudio.de\/es\/widerrufsbelehrung\/","og_site_name":"Suesskind Audio","article_modified_time":"2022-05-10T18:07:30+00:00","twitter_card":"summary_large_image","twitter_misc":{"Tiempo de lectura":"5 minutos"},"schema":{"@context":"https:\/\/schema.org","@graph":[{"@type":"WebPage","@id":"https:\/\/suesskindaudio.de\/widerrufsbelehrung","url":"https:\/\/suesskindaudio.de\/widerrufsbelehrung","name":"Pol\u00edtica de cancelaci\u00f3n - Suesskind Audio","isPartOf":{"@id":"https:\/\/suesskindaudio.de\/#website"},"datePublished":"2021-08-28T16:49:35+00:00","dateModified":"2022-05-10T18:07:30+00:00","breadcrumb":{"@id":"https:\/\/suesskindaudio.de\/widerrufsbelehrung#breadcrumb"},"inLanguage":"es","potentialAction":[{"@type":"ReadAction","target":["https:\/\/suesskindaudio.de\/widerrufsbelehrung"]}]},{"@type":"BreadcrumbList","@id":"https:\/\/suesskindaudio.de\/widerrufsbelehrung#breadcrumb","itemListElement":[{"@type":"ListItem","position":1,"name":"Startseite","item":"https:\/\/suesskindaudio.de\/"},{"@type":"ListItem","position":2,"name":"Widerrufsbelehrung"}]},{"@type":"WebSite","@id":"https:\/\/suesskindaudio.de\/#website","url":"https:\/\/suesskindaudio.de\/","name":"Suesskind Audio","description":"Excepcionales altavoces hechos a mano por Joachim Gerhard","publisher":{"@id":"https:\/\/suesskindaudio.de\/#organization"},"potentialAction":[{"@type":"SearchAction","target":{"@type":"EntryPoint","urlTemplate":"https:\/\/suesskindaudio.de\/?s={search_term_string}"},"query-input":{"@type":"PropertyValueSpecification","valueRequired":true,"valueName":"search_term_string"}}],"inLanguage":"es"},{"@type":"Organization","@id":"https:\/\/suesskindaudio.de\/#organization","name":"Suesskind Audio","url":"https:\/\/suesskindaudio.de\/","logo":{"@type":"ImageObject","inLanguage":"es","@id":"https:\/\/suesskindaudio.de\/#\/schema\/logo\/image\/","url":"https:\/\/suesskindaudio.de\/wp-content\/uploads\/2020\/06\/Suesskindaudio-Logo300.jpg","contentUrl":"https:\/\/suesskindaudio.de\/wp-content\/uploads\/2020\/06\/Suesskindaudio-Logo300.jpg","width":1449,"height":463,"caption":"Suesskind Audio"},"image":{"@id":"https:\/\/suesskindaudio.de\/#\/schema\/logo\/image\/"}}]}},"_links":{"self":[{"href":"https:\/\/suesskindaudio.de\/es\/wp-json\/wp\/v2\/pages\/1910","targetHints":{"allow":["GET"]}}],"collection":[{"href":"https:\/\/suesskindaudio.de\/es\/wp-json\/wp\/v2\/pages"}],"about":[{"href":"https:\/\/suesskindaudio.de\/es\/wp-json\/wp\/v2\/types\/page"}],"author":[{"embeddable":true,"href":"https:\/\/suesskindaudio.de\/es\/wp-json\/wp\/v2\/users\/1"}],"replies":[{"embeddable":true,"href":"https:\/\/suesskindaudio.de\/es\/wp-json\/wp\/v2\/comments?post=1910"}],"version-history":[{"count":23,"href":"https:\/\/suesskindaudio.de\/es\/wp-json\/wp\/v2\/pages\/1910\/revisions"}],"predecessor-version":[{"id":2323,"href":"https:\/\/suesskindaudio.de\/es\/wp-json\/wp\/v2\/pages\/1910\/revisions\/2323"}],"wp:attachment":[{"href":"https:\/\/suesskindaudio.de\/es\/wp-json\/wp\/v2\/media?parent=1910"}],"curies":[{"name":"wp","href":"https:\/\/api.w.org\/{rel}","templated":true}]}}