{"id":419,"date":"2020-05-10T10:09:14","date_gmt":"2020-05-10T10:09:14","guid":{"rendered":"https:\/\/test.suesskindaudio.de\/?page_id=419"},"modified":"2022-05-10T18:05:20","modified_gmt":"2022-05-10T18:05:20","slug":"impressum","status":"publish","type":"page","link":"https:\/\/suesskindaudio.de\/es\/impressum","title":{"rendered":"Pie de imprenta"},"content":{"rendered":"<div data-elementor-type=\"wp-page\" data-elementor-id=\"419\" class=\"elementor elementor-419\" data-elementor-post-type=\"page\">\n\t\t\t\t\t\t<section class=\"elementor-section elementor-top-section elementor-element elementor-element-2134fbc elementor-section-boxed elementor-section-height-default elementor-section-height-default\" data-id=\"2134fbc\" data-element_type=\"section\" data-e-type=\"section\">\n\t\t\t\t\t\t<div class=\"elementor-container elementor-column-gap-default\">\n\t\t\t\t\t<div class=\"elementor-column elementor-col-100 elementor-top-column elementor-element elementor-element-3f0b292\" data-id=\"3f0b292\" data-element_type=\"column\" data-e-type=\"column\">\n\t\t\t<div class=\"elementor-widget-wrap elementor-element-populated\">\n\t\t\t\t\t\t<div class=\"elementor-element elementor-element-1bdeec8 elementor-widget elementor-widget-html\" data-id=\"1bdeec8\" data-element_type=\"widget\" data-e-type=\"widget\" data-widget_type=\"html.default\">\n\t\t\t\t<div class=\"elementor-widget-container\">\n\t\t\t\t\t\r\n\r\n            \r\n    \r\n\r\n\r\n\r\n\r\n\r\n\r\n\r\n\r\n\r\n\r\n<span style=\"font-size: 14px;\"><span style=\"font-size:16px;\"><strong>Pie de imprenta<\/strong><\/span><\/span><br \/>\r\n<br \/>\r\n<span style=\"font-size: 14px;\"><strong><span style=\"font-size:16px;\"><span style=\"font-size:12px;\">Identificaci\u00f3n del proveedor legal:<\/span><\/span><\/strong><\/span><br \/>\r\n<br \/>\r\n<span style=\"font-size: 14px;\"><strong>Suesskind UG(haftungsbeschr\u00e4nkt)<\/strong><br \/>\r\n<strong>Immenh\u00fctte 10<br \/>\r\n59929 Brilon<br \/>\r\nRepresentado por el Director General <\/strong><\/span><strong><span style=\"font-size: 14px;\">Gudrun Beerbohm<\/span><span style=\"font-size: 14px;\"><\/span><\/strong><strong><span style=\"font-size: 14px;\"><\/span><\/strong><span style=\"font-size:14px;\"><strong><\/strong><\/span><br \/>\r\n<strong><span style=\"font-size: 14px;\">Tel\u00e9fono: +4929619119989<\/span><\/strong><strong><span style=\"font-size: 14px;\"><br \/>\r\nCorreo electr\u00f3nico: <\/span><\/strong><strong><span style=\"font-size:14px;\">shop@suesskindaudio.de<\/span><\/strong><strong><span style=\"font-size:14px;\"><br \/>\r\nN\u00famero de identificaci\u00f3n fiscal: DE815293927<\/span><\/strong><strong><span style=\"font-size: 14px;\"><\/span><\/strong><strong><span style=\"font-size: 14px;\">&nbsp;<\/span><\/strong><br \/>\r\n<strong><span style=\"font-size: 14px;\">N\u00famero de registro WEEE&nbsp;<\/span><\/strong><strong><span style=\"font-size: 14px;\">DE83274047<\/span><\/strong><strong><span style=\"font-size: 14px;\"><\/span><\/strong><br \/>\r\n<strong><span style=\"font-size:14px;\">Inscrita en el Registro Mercantil del Juzgado de Primera Instancia de Arnsberg<br \/>\r\nN\u00famero de registro comercial HRB 9667<\/span><\/strong><br \/>\r\n<br \/>\r\n<span style=\"font-size:14px;\"><\/span><br \/>\r\n<br \/>\r\n<span style=\"font-size: 14px;\"><\/span><br \/>\r\n<br \/>\r\n<span style=\"font-size:14px;\"><strong>Resoluci\u00f3n alternativa de conflictos:<\/strong><br \/>\r\nLa Comisi\u00f3n Europea ofrece una plataforma de resoluci\u00f3n extrajudicial de litigios en l\u00ednea (plataforma ODR), accesible en&nbsp;<\/span><a href=\"https:\/\/ec.europa.eu\/consumers\/odr\" style=\"font-size: 14px;\" target=\"_blank\">https:\/\/ec.europa.eu\/odr<\/a><span style=\"font-size:14px;\">.<\/span><br \/>\r\n<br \/>\r\n<span style=\"font-size:14px;\"><strong>Estamos desde&nbsp;<\/strong><\/span><span style=\"font-size:14px;\"><strong>11.08.2021&nbsp;<\/strong><\/span><span style=\"font-size:14px;\"><strong>Miembro de la iniciativa \"FairCommerce\".<\/strong><br \/>\r\nPuede encontrar m\u00e1s informaci\u00f3n al respecto en&nbsp;<a href=\"https:\/\/www.haendlerbund.de\/de\/haendlerbund\/interessenvertretung\/faircommerce\" target=\"_blank\">www.haendlerbund.de\/faircommerce<\/a>.<\/span><br \/>\r\n<br \/>\r\n\r\n\t\t\t\t<\/div>\n\t\t\t\t<\/div>\n\t\t\t\t\t<\/div>\n\t\t<\/div>\n\t\t\t\t\t<\/div>\n\t\t<\/section>\n\t\t\t\t<\/div>","protected":false},"excerpt":{"rendered":"<p>Impressum Gesetzliche Anbieterkennung: Suesskind UG(haftungsbeschr&auml;nkt) Immenh&uuml;tte 10 59929 Brilon vertr. d. d. Gesch&auml;ftsf&uuml;hrer Gudrun Beerbohm Telefon: +4929619119989 E-Mail: shop@suesskindaudio.de USt-IdNr.: DE815293927&nbsp; WEEE-Reg.-Nr.:&nbsp;DE83274047 eingetragen im Handelsregister des Amtsgerichtes Arnsberg Handelsregisternummer HRB 9667 Alternative Streitbeilegung: Die Europ&auml;ische Kommission stellt eine Plattform f&uuml;r die au&szlig;ergerichtliche Online-Streitbeilegung (OS-Plattform) bereit, aufrufbar unter&nbsp;https:\/\/ec.europa.eu\/odr. Wir sind seit&nbsp;11.08.2021&nbsp;Mitglied der Initiative &quot;FairCommerce&quot;. N&auml;here Informationen [&hellip;]<\/p>\n","protected":false},"author":1,"featured_media":0,"parent":0,"menu_order":0,"comment_status":"closed","ping_status":"closed","template":"","meta":{"_monsterinsights_skip_tracking":false,"_monsterinsights_sitenote_active":false,"_monsterinsights_sitenote_note":"","_monsterinsights_sitenote_category":0,"ocean_post_layout":"full-screen","ocean_both_sidebars_style":"","ocean_both_sidebars_content_width":0,"ocean_both_sidebars_sidebars_width":0,"ocean_sidebar":"0","ocean_second_sidebar":"0","ocean_disable_margins":"enable","ocean_add_body_class":"","ocean_shortcode_before_top_bar":"","ocean_shortcode_after_top_bar":"","ocean_shortcode_before_header":"","ocean_shortcode_after_header":"","ocean_has_shortcode":"","ocean_shortcode_after_title":"","ocean_shortcode_before_footer_widgets":"","ocean_shortcode_after_footer_widgets":"","ocean_shortcode_before_footer_bottom":"","ocean_shortcode_after_footer_bottom":"","ocean_display_top_bar":"off","ocean_display_header":"default","ocean_header_style":"","ocean_center_header_left_menu":"0","ocean_custom_header_template":"0","ocean_custom_logo":0,"ocean_custom_retina_logo":0,"ocean_custom_logo_max_width":0,"ocean_custom_logo_tablet_max_width":0,"ocean_custom_logo_mobile_max_width":0,"ocean_custom_logo_max_height":0,"ocean_custom_logo_tablet_max_height":0,"ocean_custom_logo_mobile_max_height":0,"ocean_header_custom_menu":"0","ocean_menu_typo_font_family":"0","ocean_menu_typo_font_subset":"","ocean_menu_typo_font_size":0,"ocean_menu_typo_font_size_tablet":0,"ocean_menu_typo_font_size_mobile":0,"ocean_menu_typo_font_size_unit":"px","ocean_menu_typo_font_weight":"","ocean_menu_typo_font_weight_tablet":"","ocean_menu_typo_font_weight_mobile":"","ocean_menu_typo_transform":"","ocean_menu_typo_transform_tablet":"","ocean_menu_typo_transform_mobile":"","ocean_menu_typo_line_height":0,"ocean_menu_typo_line_height_tablet":0,"ocean_menu_typo_line_height_mobile":0,"ocean_menu_typo_line_height_unit":"","ocean_menu_typo_spacing":0,"ocean_menu_typo_spacing_tablet":0,"ocean_menu_typo_spacing_mobile":0,"ocean_menu_typo_spacing_unit":"","ocean_menu_link_color":"","ocean_menu_link_color_hover":"","ocean_menu_link_color_active":"","ocean_menu_link_background":"","ocean_menu_link_hover_background":"","ocean_menu_link_active_background":"","ocean_menu_social_links_bg":"","ocean_menu_social_hover_links_bg":"","ocean_menu_social_links_color":"","ocean_menu_social_hover_links_color":"","ocean_disable_title":"on","ocean_disable_heading":"default","ocean_post_title":"","ocean_post_subheading":"","ocean_post_title_style":"","ocean_post_title_background_color":"","ocean_post_title_background":0,"ocean_post_title_bg_image_position":"","ocean_post_title_bg_image_attachment":"","ocean_post_title_bg_image_repeat":"","ocean_post_title_bg_image_size":"","ocean_post_title_height":0,"ocean_post_title_bg_overlay":0.5,"ocean_post_title_bg_overlay_color":"","ocean_disable_breadcrumbs":"default","ocean_breadcrumbs_color":"","ocean_breadcrumbs_separator_color":"","ocean_breadcrumbs_links_color":"","ocean_breadcrumbs_links_hover_color":"","ocean_display_footer_widgets":"default","ocean_display_footer_bottom":"default","ocean_custom_footer_template":"0","footnotes":""},"class_list":["post-419","page","type-page","status-publish","hentry","entry"],"yoast_head":"<!-- This site is optimized with the Yoast SEO plugin v26.8 - https:\/\/yoast.com\/product\/yoast-seo-wordpress\/ -->\n<title>Impressum - Suesskind Audio<\/title>\n<meta name=\"robots\" content=\"index, follow, max-snippet:-1, max-image-preview:large, max-video-preview:-1\" \/>\n<link rel=\"canonical\" href=\"https:\/\/suesskindaudio.de\/es\/impressum\/\" \/>\n<meta property=\"og:locale\" content=\"es_ES\" \/>\n<meta property=\"og:type\" content=\"article\" \/>\n<meta property=\"og:title\" content=\"Impressum - Suesskind Audio\" \/>\n<meta property=\"og:description\" content=\"Impressum Gesetzliche Anbieterkennung: Suesskind UG(haftungsbeschr&auml;nkt) Immenh&uuml;tte 10 59929 Brilon vertr. d. d. Gesch&auml;ftsf&uuml;hrer Gudrun Beerbohm Telefon: +4929619119989 E-Mail: shop@suesskindaudio.de USt-IdNr.: DE815293927&nbsp; WEEE-Reg.-Nr.:&nbsp;DE83274047 eingetragen im Handelsregister des Amtsgerichtes Arnsberg Handelsregisternummer HRB 9667 Alternative Streitbeilegung: Die Europ&auml;ische Kommission stellt eine Plattform f&uuml;r die au&szlig;ergerichtliche Online-Streitbeilegung (OS-Plattform) bereit, aufrufbar unter&nbsp;https:\/\/ec.europa.eu\/odr. Wir sind seit&nbsp;11.08.2021&nbsp;Mitglied der Initiative &quot;FairCommerce&quot;. N&auml;here Informationen [&hellip;]\" \/>\n<meta property=\"og:url\" content=\"https:\/\/suesskindaudio.de\/es\/impressum\/\" \/>\n<meta property=\"og:site_name\" content=\"Suesskind Audio\" \/>\n<meta property=\"article:modified_time\" content=\"2022-05-10T18:05:20+00:00\" \/>\n<meta name=\"twitter:card\" content=\"summary_large_image\" \/>\n<meta name=\"twitter:label1\" content=\"Tiempo de lectura\" \/>\n\t<meta name=\"twitter:data1\" content=\"1 minuto\" \/>\n<script type=\"application\/ld+json\" class=\"yoast-schema-graph\">{\"@context\":\"https:\/\/schema.org\",\"@graph\":[{\"@type\":\"WebPage\",\"@id\":\"https:\/\/suesskindaudio.de\/impressum\",\"url\":\"https:\/\/suesskindaudio.de\/impressum\",\"name\":\"Impressum - Suesskind Audio\",\"isPartOf\":{\"@id\":\"https:\/\/suesskindaudio.de\/#website\"},\"datePublished\":\"2020-05-10T10:09:14+00:00\",\"dateModified\":\"2022-05-10T18:05:20+00:00\",\"breadcrumb\":{\"@id\":\"https:\/\/suesskindaudio.de\/impressum#breadcrumb\"},\"inLanguage\":\"es\",\"potentialAction\":[{\"@type\":\"ReadAction\",\"target\":[\"https:\/\/suesskindaudio.de\/impressum\"]}]},{\"@type\":\"BreadcrumbList\",\"@id\":\"https:\/\/suesskindaudio.de\/impressum#breadcrumb\",\"itemListElement\":[{\"@type\":\"ListItem\",\"position\":1,\"name\":\"Startseite\",\"item\":\"https:\/\/suesskindaudio.de\/\"},{\"@type\":\"ListItem\",\"position\":2,\"name\":\"Impressum\"}]},{\"@type\":\"WebSite\",\"@id\":\"https:\/\/suesskindaudio.de\/#website\",\"url\":\"https:\/\/suesskindaudio.de\/\",\"name\":\"Suesskind Audio\",\"description\":\"Hervorragende handgefertigte Lautsprecher by Joachim Gerhard\",\"publisher\":{\"@id\":\"https:\/\/suesskindaudio.de\/#organization\"},\"potentialAction\":[{\"@type\":\"SearchAction\",\"target\":{\"@type\":\"EntryPoint\",\"urlTemplate\":\"https:\/\/suesskindaudio.de\/?s={search_term_string}\"},\"query-input\":{\"@type\":\"PropertyValueSpecification\",\"valueRequired\":true,\"valueName\":\"search_term_string\"}}],\"inLanguage\":\"es\"},{\"@type\":\"Organization\",\"@id\":\"https:\/\/suesskindaudio.de\/#organization\",\"name\":\"Suesskind Audio\",\"url\":\"https:\/\/suesskindaudio.de\/\",\"logo\":{\"@type\":\"ImageObject\",\"inLanguage\":\"es\",\"@id\":\"https:\/\/suesskindaudio.de\/#\/schema\/logo\/image\/\",\"url\":\"https:\/\/suesskindaudio.de\/wp-content\/uploads\/2020\/06\/Suesskindaudio-Logo300.jpg\",\"contentUrl\":\"https:\/\/suesskindaudio.de\/wp-content\/uploads\/2020\/06\/Suesskindaudio-Logo300.jpg\",\"width\":1449,\"height\":463,\"caption\":\"Suesskind Audio\"},\"image\":{\"@id\":\"https:\/\/suesskindaudio.de\/#\/schema\/logo\/image\/\"}}]}<\/script>\n<!-- \/ Yoast SEO plugin. -->","yoast_head_json":{"title":"Pie de imprenta - Suesskind Audio","robots":{"index":"index","follow":"follow","max-snippet":"max-snippet:-1","max-image-preview":"max-image-preview:large","max-video-preview":"max-video-preview:-1"},"canonical":"https:\/\/suesskindaudio.de\/es\/impressum\/","og_locale":"es_ES","og_type":"article","og_title":"Impressum - Suesskind Audio","og_description":"Impressum Gesetzliche Anbieterkennung: Suesskind UG(haftungsbeschr&auml;nkt) Immenh&uuml;tte 10 59929 Brilon vertr. d. d. Gesch&auml;ftsf&uuml;hrer Gudrun Beerbohm Telefon: +4929619119989 E-Mail: shop@suesskindaudio.de USt-IdNr.: DE815293927&nbsp; WEEE-Reg.-Nr.:&nbsp;DE83274047 eingetragen im Handelsregister des Amtsgerichtes Arnsberg Handelsregisternummer HRB 9667 Alternative Streitbeilegung: Die Europ&auml;ische Kommission stellt eine Plattform f&uuml;r die au&szlig;ergerichtliche Online-Streitbeilegung (OS-Plattform) bereit, aufrufbar unter&nbsp;https:\/\/ec.europa.eu\/odr. Wir sind seit&nbsp;11.08.2021&nbsp;Mitglied der Initiative &quot;FairCommerce&quot;. N&auml;here Informationen [&hellip;]","og_url":"https:\/\/suesskindaudio.de\/es\/impressum\/","og_site_name":"Suesskind Audio","article_modified_time":"2022-05-10T18:05:20+00:00","twitter_card":"summary_large_image","twitter_misc":{"Tiempo de lectura":"1 minuto"},"schema":{"@context":"https:\/\/schema.org","@graph":[{"@type":"WebPage","@id":"https:\/\/suesskindaudio.de\/impressum","url":"https:\/\/suesskindaudio.de\/impressum","name":"Pie de imprenta - Suesskind Audio","isPartOf":{"@id":"https:\/\/suesskindaudio.de\/#website"},"datePublished":"2020-05-10T10:09:14+00:00","dateModified":"2022-05-10T18:05:20+00:00","breadcrumb":{"@id":"https:\/\/suesskindaudio.de\/impressum#breadcrumb"},"inLanguage":"es","potentialAction":[{"@type":"ReadAction","target":["https:\/\/suesskindaudio.de\/impressum"]}]},{"@type":"BreadcrumbList","@id":"https:\/\/suesskindaudio.de\/impressum#breadcrumb","itemListElement":[{"@type":"ListItem","position":1,"name":"Startseite","item":"https:\/\/suesskindaudio.de\/"},{"@type":"ListItem","position":2,"name":"Impressum"}]},{"@type":"WebSite","@id":"https:\/\/suesskindaudio.de\/#website","url":"https:\/\/suesskindaudio.de\/","name":"Suesskind Audio","description":"Excepcionales altavoces hechos a mano por Joachim Gerhard","publisher":{"@id":"https:\/\/suesskindaudio.de\/#organization"},"potentialAction":[{"@type":"SearchAction","target":{"@type":"EntryPoint","urlTemplate":"https:\/\/suesskindaudio.de\/?s={search_term_string}"},"query-input":{"@type":"PropertyValueSpecification","valueRequired":true,"valueName":"search_term_string"}}],"inLanguage":"es"},{"@type":"Organization","@id":"https:\/\/suesskindaudio.de\/#organization","name":"Suesskind Audio","url":"https:\/\/suesskindaudio.de\/","logo":{"@type":"ImageObject","inLanguage":"es","@id":"https:\/\/suesskindaudio.de\/#\/schema\/logo\/image\/","url":"https:\/\/suesskindaudio.de\/wp-content\/uploads\/2020\/06\/Suesskindaudio-Logo300.jpg","contentUrl":"https:\/\/suesskindaudio.de\/wp-content\/uploads\/2020\/06\/Suesskindaudio-Logo300.jpg","width":1449,"height":463,"caption":"Suesskind Audio"},"image":{"@id":"https:\/\/suesskindaudio.de\/#\/schema\/logo\/image\/"}}]}},"_links":{"self":[{"href":"https:\/\/suesskindaudio.de\/es\/wp-json\/wp\/v2\/pages\/419","targetHints":{"allow":["GET"]}}],"collection":[{"href":"https:\/\/suesskindaudio.de\/es\/wp-json\/wp\/v2\/pages"}],"about":[{"href":"https:\/\/suesskindaudio.de\/es\/wp-json\/wp\/v2\/types\/page"}],"author":[{"embeddable":true,"href":"https:\/\/suesskindaudio.de\/es\/wp-json\/wp\/v2\/users\/1"}],"replies":[{"embeddable":true,"href":"https:\/\/suesskindaudio.de\/es\/wp-json\/wp\/v2\/comments?post=419"}],"version-history":[{"count":39,"href":"https:\/\/suesskindaudio.de\/es\/wp-json\/wp\/v2\/pages\/419\/revisions"}],"predecessor-version":[{"id":2307,"href":"https:\/\/suesskindaudio.de\/es\/wp-json\/wp\/v2\/pages\/419\/revisions\/2307"}],"wp:attachment":[{"href":"https:\/\/suesskindaudio.de\/es\/wp-json\/wp\/v2\/media?parent=419"}],"curies":[{"name":"wp","href":"https:\/\/api.w.org\/{rel}","templated":true}]}}