{"id":180,"date":"2020-05-04T10:25:08","date_gmt":"2020-05-04T10:25:08","guid":{"rendered":"https:\/\/test.suesskindaudio.de\/?page_id=180"},"modified":"2020-06-01T17:12:30","modified_gmt":"2020-06-01T17:12:30","slug":"philosophie","status":"publish","type":"page","link":"https:\/\/suesskindaudio.de\/fr\/philosophie","title":{"rendered":"Philosophie"},"content":{"rendered":"<div data-elementor-type=\"wp-page\" data-elementor-id=\"180\" class=\"elementor elementor-180\" data-elementor-post-type=\"page\">\n\t\t\t\t\t\t<section class=\"elementor-section elementor-top-section elementor-element elementor-element-047fd75 elementor-section-full_width elementor-section-height-default elementor-section-height-default\" data-id=\"047fd75\" data-element_type=\"section\" data-e-type=\"section\" data-settings=\"{&quot;background_background&quot;:&quot;classic&quot;}\">\n\t\t\t\t\t\t\t<div class=\"elementor-background-overlay\"><\/div>\n\t\t\t\t\t\t\t<div class=\"elementor-container elementor-column-gap-default\">\n\t\t\t\t\t<div class=\"elementor-column elementor-col-100 elementor-top-column elementor-element elementor-element-206af88\" data-id=\"206af88\" data-element_type=\"column\" data-e-type=\"column\">\n\t\t\t<div class=\"elementor-widget-wrap elementor-element-populated\">\n\t\t\t\t\t\t<div class=\"elementor-element elementor-element-afb2216 elementor-widget elementor-widget-heading\" data-id=\"afb2216\" data-element_type=\"widget\" data-e-type=\"widget\" data-widget_type=\"heading.default\">\n\t\t\t\t<div class=\"elementor-widget-container\">\n\t\t\t\t\t<h2 class=\"elementor-heading-title elementor-size-default\">Notre philosophie d'entreprise<\/h2>\t\t\t\t<\/div>\n\t\t\t\t<\/div>\n\t\t\t\t<div class=\"elementor-element elementor-element-056b524 elementor-widget elementor-widget-text-editor\" data-id=\"056b524\" data-element_type=\"widget\" data-e-type=\"widget\" data-widget_type=\"text-editor.default\">\n\t\t\t\t<div class=\"elementor-widget-container\">\n\t\t\t\t\t\t\t\t\t<p>Les nouveaux produits consuls par Joachim Gerhard sont vendus sous le label SUESSKIND Audio. En outre, M. Gerhard est disponible par l'interm\u00e9diaire de Suesskind Audio en tant que d\u00e9veloppeur pour d'autres soci\u00e9t\u00e9s. Joachim Gerhard est d\u00e9sormais consid\u00e9r\u00e9 comme un v\u00e9t\u00e9ran de l'industrie haut de gamme de renomm\u00e9e mondiale. Sa r\u00e9putation est bas\u00e9e sur des succ\u00e8s l\u00e9gendaires en tant que d\u00e9veloppeur, co-fondateur et plus tard propri\u00e9taire unique de Audio Physic GmbH. Nombre de ses id\u00e9es ont \u00e9t\u00e9 reprises dans des livres sp\u00e9cialis\u00e9s et des articles scientifiques ou ont \u00e9t\u00e9 incorpor\u00e9es dans d'autres produits.<br \/><br \/>Ces derni\u00e8res ann\u00e9es, on a malheureusement constat\u00e9 une tendance croissante \u00e0 l'abandon de la performance au profit du marketing. Cela a conduit \u00e0 une pression de plus en plus forte sur de nombreuses entreprises, ce qui p\u00e8se sur les salari\u00e9s : Plus de travail en moins de temps, de plus en plus de nouveaux produits a fabriqu\u00e9s dans le m\u00eame espace de temps. La valeur ajout\u00e9e se d\u00e9place vers l'Extr\u00eame-Orient. Il y a de moins en moins de place pour les initiatives cr\u00e9atives des employ\u00e9s, le style de gestion exige une loyaut\u00e9 in\u00e9branlable. Tout ce qui ne se soumet pas \u00e0 une \"culture de l'image\" brillante est balay\u00e9 sous le tapis \u00e9motionnel avec de simples arguments de mondialisation et d'augmentation des prix. Il y a beaucoup de demandeurs d'emploi que l\u2019on peut employer \u00e0 bas salaire. Il r\u00e8gne un climat de saisie planifiable et instrumentale de pr\u00e9tendus crit\u00e8res de perc\u00e9e sonores et formels. Le produit est con\u00e7u dans un bureau \u00e0 la table verte pour un groupe de consommateurs contr\u00f4lable. Pour dire les choses simplement, la premi\u00e8re chose \u00e0 laquelle on ne pense pas d\u00e9ment chaque jour est de savoir comment gagner encore plus d'argent rapidement.<br \/><br \/>Dans le pass\u00e9, Joachim Gerhard a de plus en plus clairement montr\u00e9 que ce n'est pas la voie dans laquelle il voulait \u00eatre pouss\u00e9. Sa philosophie d'entreprise \u00e9tait plut\u00f4t bas\u00e9e sur les valeurs de l'\u00e9conomie sociale de march\u00e9, qui a rendu les entreprises allemandes mondialement c\u00e9l\u00e8bres dans les ann\u00e9es 50 et 70. L'accent est mis sur l'employ\u00e9 en tant que personne, les produits ne sont que l'expression d'un mode de pens\u00e9e int\u00e9gr\u00e9 qui a \u00e0 l'esprit le bien-\u00eatre de tous les acteurs de l'entreprise. Bien s\u00fbr, il ne s'agit pas seulement de c\u00e9l\u00e9brer le plaisir de travailler chez Suesskind. En fait, c\u2019est vous qui utilisez nos produits, qui \u00eates a l\u2019honneur! Nous sommes heureux de donner le meilleur de nous-m\u00eames chaque jour pour que cela se r\u00e9alise.<\/p>\t\t\t\t\t\t\t\t<\/div>\n\t\t\t\t<\/div>\n\t\t\t\t\t<\/div>\n\t\t<\/div>\n\t\t\t\t\t<\/div>\n\t\t<\/section>\n\t\t\t\t<\/div>","protected":false},"excerpt":{"rendered":"<p>Unsere Unternehmensphilosophie Unter dem Label SUESSKIND Audio werden neue, von Joachim Gerhard entwickelte Produkte verkauft. Au\u00dferdem steht Herr Gerhard \u00fcber Suesskind Audio als Entwickler f\u00fcr andere Firmen zur Verf\u00fcgung. Joachim Gerhard gilt mittlerweile als weltbekanntes Urgestein der deutschen High-End-Branche. Seinen Ruf begr\u00fcndete er mit legend\u00e4ren Erfolgen als Entwickler, Mitbegr\u00fcnder und sp\u00e4terer Alleineigent\u00fcmer der Audio Physic [&hellip;]<\/p>\n","protected":false},"author":1,"featured_media":0,"parent":0,"menu_order":0,"comment_status":"closed","ping_status":"closed","template":"","meta":{"_monsterinsights_skip_tracking":false,"_monsterinsights_sitenote_active":false,"_monsterinsights_sitenote_note":"","_monsterinsights_sitenote_category":0,"ocean_post_layout":"full-screen","ocean_both_sidebars_style":"","ocean_both_sidebars_content_width":0,"ocean_both_sidebars_sidebars_width":0,"ocean_sidebar":"0","ocean_second_sidebar":"0","ocean_disable_margins":"enable","ocean_add_body_class":"","ocean_shortcode_before_top_bar":"","ocean_shortcode_after_top_bar":"","ocean_shortcode_before_header":"","ocean_shortcode_after_header":"","ocean_has_shortcode":"","ocean_shortcode_after_title":"","ocean_shortcode_before_footer_widgets":"","ocean_shortcode_after_footer_widgets":"","ocean_shortcode_before_footer_bottom":"","ocean_shortcode_after_footer_bottom":"","ocean_display_top_bar":"off","ocean_display_header":"default","ocean_header_style":"","ocean_center_header_left_menu":"0","ocean_custom_header_template":"0","ocean_custom_logo":0,"ocean_custom_retina_logo":0,"ocean_custom_logo_max_width":0,"ocean_custom_logo_tablet_max_width":0,"ocean_custom_logo_mobile_max_width":0,"ocean_custom_logo_max_height":0,"ocean_custom_logo_tablet_max_height":0,"ocean_custom_logo_mobile_max_height":0,"ocean_header_custom_menu":"0","ocean_menu_typo_font_family":"0","ocean_menu_typo_font_subset":"","ocean_menu_typo_font_size":0,"ocean_menu_typo_font_size_tablet":0,"ocean_menu_typo_font_size_mobile":0,"ocean_menu_typo_font_size_unit":"px","ocean_menu_typo_font_weight":"","ocean_menu_typo_font_weight_tablet":"","ocean_menu_typo_font_weight_mobile":"","ocean_menu_typo_transform":"","ocean_menu_typo_transform_tablet":"","ocean_menu_typo_transform_mobile":"","ocean_menu_typo_line_height":0,"ocean_menu_typo_line_height_tablet":0,"ocean_menu_typo_line_height_mobile":0,"ocean_menu_typo_line_height_unit":"","ocean_menu_typo_spacing":0,"ocean_menu_typo_spacing_tablet":0,"ocean_menu_typo_spacing_mobile":0,"ocean_menu_typo_spacing_unit":"","ocean_menu_link_color":"","ocean_menu_link_color_hover":"","ocean_menu_link_color_active":"","ocean_menu_link_background":"","ocean_menu_link_hover_background":"","ocean_menu_link_active_background":"","ocean_menu_social_links_bg":"","ocean_menu_social_hover_links_bg":"","ocean_menu_social_links_color":"","ocean_menu_social_hover_links_color":"","ocean_disable_title":"on","ocean_disable_heading":"default","ocean_post_title":"","ocean_post_subheading":"","ocean_post_title_style":"","ocean_post_title_background_color":"","ocean_post_title_background":0,"ocean_post_title_bg_image_position":"","ocean_post_title_bg_image_attachment":"","ocean_post_title_bg_image_repeat":"","ocean_post_title_bg_image_size":"","ocean_post_title_height":0,"ocean_post_title_bg_overlay":0.5,"ocean_post_title_bg_overlay_color":"","ocean_disable_breadcrumbs":"default","ocean_breadcrumbs_color":"","ocean_breadcrumbs_separator_color":"","ocean_breadcrumbs_links_color":"","ocean_breadcrumbs_links_hover_color":"","ocean_display_footer_widgets":"default","ocean_display_footer_bottom":"default","ocean_custom_footer_template":"0","footnotes":""},"class_list":["post-180","page","type-page","status-publish","hentry","entry"],"yoast_head":"<!-- This site is optimized with the Yoast SEO plugin v26.8 - https:\/\/yoast.com\/product\/yoast-seo-wordpress\/ -->\n<title>Philosophie - Suesskind Audio<\/title>\n<meta name=\"robots\" content=\"index, follow, max-snippet:-1, max-image-preview:large, max-video-preview:-1\" \/>\n<link rel=\"canonical\" href=\"https:\/\/suesskindaudio.de\/fr\/philosophie\/\" \/>\n<meta property=\"og:locale\" content=\"fr_FR\" \/>\n<meta property=\"og:type\" content=\"article\" \/>\n<meta property=\"og:title\" content=\"Philosophie - Suesskind Audio\" \/>\n<meta property=\"og:description\" content=\"Unsere Unternehmensphilosophie Unter dem Label SUESSKIND Audio werden neue, von Joachim Gerhard entwickelte Produkte verkauft. Au\u00dferdem steht Herr Gerhard \u00fcber Suesskind Audio als Entwickler f\u00fcr andere Firmen zur Verf\u00fcgung. Joachim Gerhard gilt mittlerweile als weltbekanntes Urgestein der deutschen High-End-Branche. Seinen Ruf begr\u00fcndete er mit legend\u00e4ren Erfolgen als Entwickler, Mitbegr\u00fcnder und sp\u00e4terer Alleineigent\u00fcmer der Audio Physic [&hellip;]\" \/>\n<meta property=\"og:url\" content=\"https:\/\/suesskindaudio.de\/fr\/philosophie\/\" \/>\n<meta property=\"og:site_name\" content=\"Suesskind Audio\" \/>\n<meta property=\"article:modified_time\" content=\"2020-06-01T17:12:30+00:00\" \/>\n<meta name=\"twitter:card\" content=\"summary_large_image\" \/>\n<meta name=\"twitter:label1\" content=\"Dur\u00e9e de lecture estim\u00e9e\" \/>\n\t<meta name=\"twitter:data1\" content=\"2 minutes\" \/>\n<script type=\"application\/ld+json\" class=\"yoast-schema-graph\">{\"@context\":\"https:\/\/schema.org\",\"@graph\":[{\"@type\":\"WebPage\",\"@id\":\"https:\/\/suesskindaudio.de\/philosophie\",\"url\":\"https:\/\/suesskindaudio.de\/philosophie\",\"name\":\"Philosophie - Suesskind Audio\",\"isPartOf\":{\"@id\":\"https:\/\/suesskindaudio.de\/#website\"},\"datePublished\":\"2020-05-04T10:25:08+00:00\",\"dateModified\":\"2020-06-01T17:12:30+00:00\",\"breadcrumb\":{\"@id\":\"https:\/\/suesskindaudio.de\/philosophie#breadcrumb\"},\"inLanguage\":\"fr-FR\",\"potentialAction\":[{\"@type\":\"ReadAction\",\"target\":[\"https:\/\/suesskindaudio.de\/philosophie\"]}]},{\"@type\":\"BreadcrumbList\",\"@id\":\"https:\/\/suesskindaudio.de\/philosophie#breadcrumb\",\"itemListElement\":[{\"@type\":\"ListItem\",\"position\":1,\"name\":\"Startseite\",\"item\":\"https:\/\/suesskindaudio.de\/\"},{\"@type\":\"ListItem\",\"position\":2,\"name\":\"Philosophie\"}]},{\"@type\":\"WebSite\",\"@id\":\"https:\/\/suesskindaudio.de\/#website\",\"url\":\"https:\/\/suesskindaudio.de\/\",\"name\":\"Suesskind Audio\",\"description\":\"Hervorragende handgefertigte Lautsprecher by Joachim Gerhard\",\"publisher\":{\"@id\":\"https:\/\/suesskindaudio.de\/#organization\"},\"potentialAction\":[{\"@type\":\"SearchAction\",\"target\":{\"@type\":\"EntryPoint\",\"urlTemplate\":\"https:\/\/suesskindaudio.de\/?s={search_term_string}\"},\"query-input\":{\"@type\":\"PropertyValueSpecification\",\"valueRequired\":true,\"valueName\":\"search_term_string\"}}],\"inLanguage\":\"fr-FR\"},{\"@type\":\"Organization\",\"@id\":\"https:\/\/suesskindaudio.de\/#organization\",\"name\":\"Suesskind Audio\",\"url\":\"https:\/\/suesskindaudio.de\/\",\"logo\":{\"@type\":\"ImageObject\",\"inLanguage\":\"fr-FR\",\"@id\":\"https:\/\/suesskindaudio.de\/#\/schema\/logo\/image\/\",\"url\":\"https:\/\/suesskindaudio.de\/wp-content\/uploads\/2020\/06\/Suesskindaudio-Logo300.jpg\",\"contentUrl\":\"https:\/\/suesskindaudio.de\/wp-content\/uploads\/2020\/06\/Suesskindaudio-Logo300.jpg\",\"width\":1449,\"height\":463,\"caption\":\"Suesskind Audio\"},\"image\":{\"@id\":\"https:\/\/suesskindaudio.de\/#\/schema\/logo\/image\/\"}}]}<\/script>\n<!-- \/ Yoast SEO plugin. -->","yoast_head_json":{"title":"Philosophie - Suesskind Audio","robots":{"index":"index","follow":"follow","max-snippet":"max-snippet:-1","max-image-preview":"max-image-preview:large","max-video-preview":"max-video-preview:-1"},"canonical":"https:\/\/suesskindaudio.de\/fr\/philosophie\/","og_locale":"fr_FR","og_type":"article","og_title":"Philosophie - Suesskind Audio","og_description":"Unsere Unternehmensphilosophie Unter dem Label SUESSKIND Audio werden neue, von Joachim Gerhard entwickelte Produkte verkauft. Au\u00dferdem steht Herr Gerhard \u00fcber Suesskind Audio als Entwickler f\u00fcr andere Firmen zur Verf\u00fcgung. Joachim Gerhard gilt mittlerweile als weltbekanntes Urgestein der deutschen High-End-Branche. Seinen Ruf begr\u00fcndete er mit legend\u00e4ren Erfolgen als Entwickler, Mitbegr\u00fcnder und sp\u00e4terer Alleineigent\u00fcmer der Audio Physic [&hellip;]","og_url":"https:\/\/suesskindaudio.de\/fr\/philosophie\/","og_site_name":"Suesskind Audio","article_modified_time":"2020-06-01T17:12:30+00:00","twitter_card":"summary_large_image","twitter_misc":{"Dur\u00e9e de lecture estim\u00e9e":"2 minutes"},"schema":{"@context":"https:\/\/schema.org","@graph":[{"@type":"WebPage","@id":"https:\/\/suesskindaudio.de\/philosophie","url":"https:\/\/suesskindaudio.de\/philosophie","name":"Philosophie - Suesskind Audio","isPartOf":{"@id":"https:\/\/suesskindaudio.de\/#website"},"datePublished":"2020-05-04T10:25:08+00:00","dateModified":"2020-06-01T17:12:30+00:00","breadcrumb":{"@id":"https:\/\/suesskindaudio.de\/philosophie#breadcrumb"},"inLanguage":"fr-FR","potentialAction":[{"@type":"ReadAction","target":["https:\/\/suesskindaudio.de\/philosophie"]}]},{"@type":"BreadcrumbList","@id":"https:\/\/suesskindaudio.de\/philosophie#breadcrumb","itemListElement":[{"@type":"ListItem","position":1,"name":"Startseite","item":"https:\/\/suesskindaudio.de\/"},{"@type":"ListItem","position":2,"name":"Philosophie"}]},{"@type":"WebSite","@id":"https:\/\/suesskindaudio.de\/#website","url":"https:\/\/suesskindaudio.de\/","name":"Suesskind Audio","description":"D'excellents haut-parleurs faits main by Joachim Gerhard","publisher":{"@id":"https:\/\/suesskindaudio.de\/#organization"},"potentialAction":[{"@type":"SearchAction","target":{"@type":"EntryPoint","urlTemplate":"https:\/\/suesskindaudio.de\/?s={search_term_string}"},"query-input":{"@type":"PropertyValueSpecification","valueRequired":true,"valueName":"search_term_string"}}],"inLanguage":"fr-FR"},{"@type":"Organization","@id":"https:\/\/suesskindaudio.de\/#organization","name":"Suesskind Audio","url":"https:\/\/suesskindaudio.de\/","logo":{"@type":"ImageObject","inLanguage":"fr-FR","@id":"https:\/\/suesskindaudio.de\/#\/schema\/logo\/image\/","url":"https:\/\/suesskindaudio.de\/wp-content\/uploads\/2020\/06\/Suesskindaudio-Logo300.jpg","contentUrl":"https:\/\/suesskindaudio.de\/wp-content\/uploads\/2020\/06\/Suesskindaudio-Logo300.jpg","width":1449,"height":463,"caption":"Suesskind Audio"},"image":{"@id":"https:\/\/suesskindaudio.de\/#\/schema\/logo\/image\/"}}]}},"_links":{"self":[{"href":"https:\/\/suesskindaudio.de\/fr\/wp-json\/wp\/v2\/pages\/180","targetHints":{"allow":["GET"]}}],"collection":[{"href":"https:\/\/suesskindaudio.de\/fr\/wp-json\/wp\/v2\/pages"}],"about":[{"href":"https:\/\/suesskindaudio.de\/fr\/wp-json\/wp\/v2\/types\/page"}],"author":[{"embeddable":true,"href":"https:\/\/suesskindaudio.de\/fr\/wp-json\/wp\/v2\/users\/1"}],"replies":[{"embeddable":true,"href":"https:\/\/suesskindaudio.de\/fr\/wp-json\/wp\/v2\/comments?post=180"}],"version-history":[{"count":13,"href":"https:\/\/suesskindaudio.de\/fr\/wp-json\/wp\/v2\/pages\/180\/revisions"}],"predecessor-version":[{"id":984,"href":"https:\/\/suesskindaudio.de\/fr\/wp-json\/wp\/v2\/pages\/180\/revisions\/984"}],"wp:attachment":[{"href":"https:\/\/suesskindaudio.de\/fr\/wp-json\/wp\/v2\/media?parent=180"}],"curies":[{"name":"wp","href":"https:\/\/api.w.org\/{rel}","templated":true}]}}