{"id":1911,"date":"2021-08-28T16:49:36","date_gmt":"2021-08-28T16:49:36","guid":{"rendered":"https:\/\/suesskindaudio.de\/versandarten"},"modified":"2022-05-10T18:07:00","modified_gmt":"2022-05-10T18:07:00","slug":"versandarten","status":"publish","type":"page","link":"https:\/\/suesskindaudio.de\/fr\/versandarten","title":{"rendered":"M\u00e9thodes d'exp\u00e9dition"},"content":{"rendered":"<div data-elementor-type=\"wp-page\" data-elementor-id=\"1911\" class=\"elementor elementor-1911\" data-elementor-post-type=\"page\">\n\t\t\t\t\t\t<section class=\"elementor-section elementor-top-section elementor-element elementor-element-36cb141 elementor-section-boxed elementor-section-height-default elementor-section-height-default\" data-id=\"36cb141\" data-element_type=\"section\" data-e-type=\"section\">\n\t\t\t\t\t\t<div class=\"elementor-container elementor-column-gap-default\">\n\t\t\t\t\t<div class=\"elementor-column elementor-col-100 elementor-top-column elementor-element elementor-element-c31047a\" data-id=\"c31047a\" data-element_type=\"column\" data-e-type=\"column\">\n\t\t\t<div class=\"elementor-widget-wrap elementor-element-populated\">\n\t\t\t\t\t\t<div class=\"elementor-element elementor-element-4a043f7 elementor-widget elementor-widget-html\" data-id=\"4a043f7\" data-element_type=\"widget\" data-e-type=\"widget\" data-widget_type=\"html.default\">\n\t\t\t\t<div class=\"elementor-widget-container\">\n\t\t\t\t\t\r\n\r\n    \r\n    \r\n    \r\n    \r\n    \r\n    \r\n    \r\n        \r\n        \r\n    \r\n    \r\n\r\n<span style=\"font-size:18px;\"><strong>Paiement et livraison<\/strong><\/span><br \/>\r\n<br \/>\r\n<span style=\"font-size:14px;\">Les conditions suivantes s'appliquent :<\/span><br \/>\r\n<br \/>\r\n<span style=\"font-size:14px;\">La livraison des marchandises s'effectue dans le monde entier.<\/span><br \/>\r\n<br \/>\r\n<span style=\"font-size:14px;\"><\/span><br \/>\r\n<br \/>\r\n<strong><span style=\"font-size:16px;\">Frais d'exp\u00e9dition<\/span><\/strong><span style=\"font-size:14px;\"> <\/span><span style=\"font-size:14px;\">(TVA l\u00e9gale incluse)<\/span><br \/>\r\n<br \/>\r\n<strong><span style=\"font-size:14px;\">Livraisons sur le territoire national (Allemagne) :&nbsp;<\/span><\/strong><br \/>\r\n<br \/>\r\n<span style=\"font-size:14px;\">Nous calculons les frais d'exp\u00e9dition en fonction du poids d'exp\u00e9dition :<br \/>\r\n<br \/>\r\n<\/span><br \/>\r\n<br \/>\r\n<span style=\"font-size:14px;\"><\/span><br \/>\r\n<span style=\"font-size: 14px;\">Lors de l'envoi de marchandises volumineuses (exp\u00e9dition par transporteur), nous facturons comme suit :<\/span><br \/>\r\n<span style=\"font-size: 14px;\"><\/span><br \/>\r\n<br \/>\r\n<span style=\"font-size:14px;\">Les marchandises encombrantes sont signal\u00e9es comme telles dans la description de l'article.<\/span><br \/>\r\n<br \/>\r\n<strong><span style=\"font-size:14px;\">Livraisons \u00e0 l'\u00e9tranger<\/span><span style=\"font-size:14px;\">:<\/span><\/strong><br \/>\r\n<br \/>\r\n<span style=\"font-size:14px;\">Nous calculons les frais d'envoi \u00e0 l'\u00e9tranger en fonction du poids d'exp\u00e9dition :<br \/>\r\n<br \/>\r\n<\/span><br \/>\r\n<br \/>\r\n<span style=\"font-size: 14px;\">Lors de l'envoi de marchandises volumineuses (exp\u00e9dition par transporteur) \u00e0 l'\u00e9tranger, nous facturons comme suit :<\/span><br \/>\r\n<span style=\"font-size: 14px;\"><\/span><br \/>\r\n<br \/>\r\n<span style=\"font-size:14px;\">Les marchandises encombrantes sont signal\u00e9es comme telles dans la description de l'article.<\/span><br \/>\r\n<br \/>\r\n<span style=\"font-size:18px;\"><strong>D\u00e9lais de livraison<\/strong><\/span><br \/>\r\n<br \/>\r\n<span style=\"font-size:14px;\">Si aucun autre d\u00e9lai n'est indiqu\u00e9 dans l'offre correspondante, la livraison de la marchandise s'effectue en Allemagne dans un d\u00e9lai de 3 \u00e0 90 jours, pour les livraisons \u00e0 l'\u00e9tranger dans un d\u00e9lai de 5 \u00e0 120 jours apr\u00e8s la conclusion du contrat (en cas de paiement anticip\u00e9 convenu, apr\u00e8s la date de votre ordre de paiement).<\/span><br \/>\r\n<span style=\"font-size:14px;\">Veuillez noter qu'aucune livraison n'est effectu\u00e9e le dimanche et les jours f\u00e9ri\u00e9s.<\/span><br \/>\r\n<span style=\"font-size:14px;\">Si vous avez command\u00e9 des articles avec des d\u00e9lais de livraison diff\u00e9rents, nous envoyons la marchandise dans un envoi commun, sauf si nous avons convenu d'un autre accord avec vous.<\/span> <span style=\"font-size:14px;\">Dans ce cas, le d\u00e9lai de livraison est d\u00e9termin\u00e9 par l'article dont le d\u00e9lai de livraison est le plus long que vous avez command\u00e9.<\/span><br \/>\r\n<br \/>\r\n<span style=\"font-size:14px;\">En cas d'enl\u00e8vement par vos soins, nous vous informons par e-mail de la mise \u00e0 disposition de la marchandise et des possibilit\u00e9s d'enl\u00e8vement. Dans ce cas, les frais de livraison ne sont pas factur\u00e9s.<\/span><br \/>\r\n<br \/>\r\n<strong><span style=\"font-size:18px;\">Modes de paiement accept\u00e9s<\/span><\/strong><br \/>\r\n<br \/>\r\n<span style=\"font-size:14px;\"><strong>-&nbsp; <\/strong>Paiement en esp\u00e8ces lors de l'enl\u00e8vement<\/span><br \/>\r\n<span style=\"font-size:14px;\"><strong>-&nbsp; <\/strong>Paiement anticip\u00e9 par virement bancaire<\/span><br \/>\r\n<span style=\"font-size:14px;\"><strong>-<\/strong><\/span><strong>&nbsp; <\/strong><span style=\"font-size: 14px;\">Paiement par facture<\/span><br \/>\r\n<br \/>\r\n<br \/>\r\n<strong><span style=\"font-size:14px;\">Plus de d\u00e9tails sur le paiement<\/span><\/strong><br \/>\r\n<br \/>\r\n<span style=\"font-size:14px;\">Le montant de la facture doit \u00eatre r\u00e9gl\u00e9 dans un d\u00e9lai de 0 jour en cas de paiement sur facture.<\/span><br \/>\r\n<br \/>\r\n<br \/>\r\n<span style=\"font-size:14px;\"><strong>Nos coordonn\u00e9es bancaires :<\/strong><\/span><br \/>\r\n<br \/>\r\n<span style=\"font-size:14px;\">Banque : Commerzbank AG<br \/>\r\nTitulaire du compte : Suesskind UG(haftungsbeschr\u00e4nkt)<br \/>\r\nIBAN : DE04466400180407311000<br \/>\r\nBIC : COBADEFFXXX<\/span><br \/>\r\n<br \/>\r\n<br \/>\r\n<span style=\"font-size:14px;\">Si vous avez des questions, vous trouverez nos coordonn\u00e9es dans les mentions l\u00e9gales.<\/span><br \/>\r\n<br \/>\r\n\r\n\t\t\t\t<\/div>\n\t\t\t\t<\/div>\n\t\t\t\t\t<\/div>\n\t\t<\/div>\n\t\t\t\t\t<\/div>\n\t\t<\/section>\n\t\t\t\t<\/div>","protected":false},"excerpt":{"rendered":"<p>Zahlung und Versand Es gelten folgende Bedingungen: Die Lieferung der Ware erfolgt weltweit. Versandkosten (inklusive gesetzliche Mehrwertsteuer) Lieferungen im Inland (Deutschland):&nbsp; Wir berechnen die Versandkosten nach Versandgewicht: Bei der Versendung sperriger G\u00fcter (Speditionsversand) berechnen wir wie folgt: Sperrige G\u00fcter sind als solche in der Artikelbeschreibung gekennzeichnet. Lieferungen ins Ausland: Wir berechnen die Versandkosten ins Ausland [&hellip;]<\/p>\n","protected":false},"author":1,"featured_media":0,"parent":0,"menu_order":0,"comment_status":"closed","ping_status":"closed","template":"elementor_canvas","meta":{"_monsterinsights_skip_tracking":false,"_monsterinsights_sitenote_active":false,"_monsterinsights_sitenote_note":"","_monsterinsights_sitenote_category":0,"ocean_post_layout":"","ocean_both_sidebars_style":"","ocean_both_sidebars_content_width":0,"ocean_both_sidebars_sidebars_width":0,"ocean_sidebar":"0","ocean_second_sidebar":"0","ocean_disable_margins":"enable","ocean_add_body_class":"","ocean_shortcode_before_top_bar":"","ocean_shortcode_after_top_bar":"","ocean_shortcode_before_header":"","ocean_shortcode_after_header":"","ocean_has_shortcode":"","ocean_shortcode_after_title":"","ocean_shortcode_before_footer_widgets":"","ocean_shortcode_after_footer_widgets":"","ocean_shortcode_before_footer_bottom":"","ocean_shortcode_after_footer_bottom":"","ocean_display_top_bar":"default","ocean_display_header":"default","ocean_header_style":"","ocean_center_header_left_menu":"0","ocean_custom_header_template":"0","ocean_custom_logo":0,"ocean_custom_retina_logo":0,"ocean_custom_logo_max_width":0,"ocean_custom_logo_tablet_max_width":0,"ocean_custom_logo_mobile_max_width":0,"ocean_custom_logo_max_height":0,"ocean_custom_logo_tablet_max_height":0,"ocean_custom_logo_mobile_max_height":0,"ocean_header_custom_menu":"0","ocean_menu_typo_font_family":"0","ocean_menu_typo_font_subset":"","ocean_menu_typo_font_size":0,"ocean_menu_typo_font_size_tablet":0,"ocean_menu_typo_font_size_mobile":0,"ocean_menu_typo_font_size_unit":"px","ocean_menu_typo_font_weight":"","ocean_menu_typo_font_weight_tablet":"","ocean_menu_typo_font_weight_mobile":"","ocean_menu_typo_transform":"","ocean_menu_typo_transform_tablet":"","ocean_menu_typo_transform_mobile":"","ocean_menu_typo_line_height":0,"ocean_menu_typo_line_height_tablet":0,"ocean_menu_typo_line_height_mobile":0,"ocean_menu_typo_line_height_unit":"","ocean_menu_typo_spacing":0,"ocean_menu_typo_spacing_tablet":0,"ocean_menu_typo_spacing_mobile":0,"ocean_menu_typo_spacing_unit":"","ocean_menu_link_color":"","ocean_menu_link_color_hover":"","ocean_menu_link_color_active":"","ocean_menu_link_background":"","ocean_menu_link_hover_background":"","ocean_menu_link_active_background":"","ocean_menu_social_links_bg":"","ocean_menu_social_hover_links_bg":"","ocean_menu_social_links_color":"","ocean_menu_social_hover_links_color":"","ocean_disable_title":"default","ocean_disable_heading":"default","ocean_post_title":"","ocean_post_subheading":"","ocean_post_title_style":"","ocean_post_title_background_color":"","ocean_post_title_background":0,"ocean_post_title_bg_image_position":"","ocean_post_title_bg_image_attachment":"","ocean_post_title_bg_image_repeat":"","ocean_post_title_bg_image_size":"","ocean_post_title_height":0,"ocean_post_title_bg_overlay":0.5,"ocean_post_title_bg_overlay_color":"","ocean_disable_breadcrumbs":"default","ocean_breadcrumbs_color":"","ocean_breadcrumbs_separator_color":"","ocean_breadcrumbs_links_color":"","ocean_breadcrumbs_links_hover_color":"","ocean_display_footer_widgets":"default","ocean_display_footer_bottom":"default","ocean_custom_footer_template":"0","footnotes":""},"class_list":["post-1911","page","type-page","status-publish","hentry","entry"],"yoast_head":"<!-- This site is optimized with the Yoast SEO plugin v26.8 - https:\/\/yoast.com\/product\/yoast-seo-wordpress\/ -->\n<title>Versandarten - Suesskind Audio<\/title>\n<meta name=\"robots\" content=\"index, follow, max-snippet:-1, max-image-preview:large, max-video-preview:-1\" \/>\n<link rel=\"canonical\" href=\"https:\/\/suesskindaudio.de\/fr\/versandarten\/\" \/>\n<meta property=\"og:locale\" content=\"fr_FR\" \/>\n<meta property=\"og:type\" content=\"article\" \/>\n<meta property=\"og:title\" content=\"Versandarten - Suesskind Audio\" \/>\n<meta property=\"og:description\" content=\"Zahlung und Versand Es gelten folgende Bedingungen: Die Lieferung der Ware erfolgt weltweit. Versandkosten (inklusive gesetzliche Mehrwertsteuer) Lieferungen im Inland (Deutschland):&nbsp; Wir berechnen die Versandkosten nach Versandgewicht: Bei der Versendung sperriger G\u00fcter (Speditionsversand) berechnen wir wie folgt: Sperrige G\u00fcter sind als solche in der Artikelbeschreibung gekennzeichnet. Lieferungen ins Ausland: Wir berechnen die Versandkosten ins Ausland [&hellip;]\" \/>\n<meta property=\"og:url\" content=\"https:\/\/suesskindaudio.de\/fr\/versandarten\/\" \/>\n<meta property=\"og:site_name\" content=\"Suesskind Audio\" \/>\n<meta property=\"article:modified_time\" content=\"2022-05-10T18:07:00+00:00\" \/>\n<meta name=\"twitter:card\" content=\"summary_large_image\" \/>\n<meta name=\"twitter:label1\" content=\"Dur\u00e9e de lecture estim\u00e9e\" \/>\n\t<meta name=\"twitter:data1\" content=\"2 minutes\" \/>\n<script type=\"application\/ld+json\" class=\"yoast-schema-graph\">{\"@context\":\"https:\/\/schema.org\",\"@graph\":[{\"@type\":\"WebPage\",\"@id\":\"https:\/\/suesskindaudio.de\/versandarten\",\"url\":\"https:\/\/suesskindaudio.de\/versandarten\",\"name\":\"Versandarten - Suesskind Audio\",\"isPartOf\":{\"@id\":\"https:\/\/suesskindaudio.de\/#website\"},\"datePublished\":\"2021-08-28T16:49:36+00:00\",\"dateModified\":\"2022-05-10T18:07:00+00:00\",\"breadcrumb\":{\"@id\":\"https:\/\/suesskindaudio.de\/versandarten#breadcrumb\"},\"inLanguage\":\"fr-FR\",\"potentialAction\":[{\"@type\":\"ReadAction\",\"target\":[\"https:\/\/suesskindaudio.de\/versandarten\"]}]},{\"@type\":\"BreadcrumbList\",\"@id\":\"https:\/\/suesskindaudio.de\/versandarten#breadcrumb\",\"itemListElement\":[{\"@type\":\"ListItem\",\"position\":1,\"name\":\"Startseite\",\"item\":\"https:\/\/suesskindaudio.de\/\"},{\"@type\":\"ListItem\",\"position\":2,\"name\":\"Versandarten\"}]},{\"@type\":\"WebSite\",\"@id\":\"https:\/\/suesskindaudio.de\/#website\",\"url\":\"https:\/\/suesskindaudio.de\/\",\"name\":\"Suesskind Audio\",\"description\":\"Hervorragende handgefertigte Lautsprecher by Joachim Gerhard\",\"publisher\":{\"@id\":\"https:\/\/suesskindaudio.de\/#organization\"},\"potentialAction\":[{\"@type\":\"SearchAction\",\"target\":{\"@type\":\"EntryPoint\",\"urlTemplate\":\"https:\/\/suesskindaudio.de\/?s={search_term_string}\"},\"query-input\":{\"@type\":\"PropertyValueSpecification\",\"valueRequired\":true,\"valueName\":\"search_term_string\"}}],\"inLanguage\":\"fr-FR\"},{\"@type\":\"Organization\",\"@id\":\"https:\/\/suesskindaudio.de\/#organization\",\"name\":\"Suesskind Audio\",\"url\":\"https:\/\/suesskindaudio.de\/\",\"logo\":{\"@type\":\"ImageObject\",\"inLanguage\":\"fr-FR\",\"@id\":\"https:\/\/suesskindaudio.de\/#\/schema\/logo\/image\/\",\"url\":\"https:\/\/suesskindaudio.de\/wp-content\/uploads\/2020\/06\/Suesskindaudio-Logo300.jpg\",\"contentUrl\":\"https:\/\/suesskindaudio.de\/wp-content\/uploads\/2020\/06\/Suesskindaudio-Logo300.jpg\",\"width\":1449,\"height\":463,\"caption\":\"Suesskind Audio\"},\"image\":{\"@id\":\"https:\/\/suesskindaudio.de\/#\/schema\/logo\/image\/\"}}]}<\/script>\n<!-- \/ Yoast SEO plugin. -->","yoast_head_json":{"title":"M\u00e9thodes d'exp\u00e9dition - Suesskind Audio","robots":{"index":"index","follow":"follow","max-snippet":"max-snippet:-1","max-image-preview":"max-image-preview:large","max-video-preview":"max-video-preview:-1"},"canonical":"https:\/\/suesskindaudio.de\/fr\/versandarten\/","og_locale":"fr_FR","og_type":"article","og_title":"Versandarten - Suesskind Audio","og_description":"Zahlung und Versand Es gelten folgende Bedingungen: Die Lieferung der Ware erfolgt weltweit. Versandkosten (inklusive gesetzliche Mehrwertsteuer) Lieferungen im Inland (Deutschland):&nbsp; Wir berechnen die Versandkosten nach Versandgewicht: Bei der Versendung sperriger G\u00fcter (Speditionsversand) berechnen wir wie folgt: Sperrige G\u00fcter sind als solche in der Artikelbeschreibung gekennzeichnet. Lieferungen ins Ausland: Wir berechnen die Versandkosten ins Ausland [&hellip;]","og_url":"https:\/\/suesskindaudio.de\/fr\/versandarten\/","og_site_name":"Suesskind Audio","article_modified_time":"2022-05-10T18:07:00+00:00","twitter_card":"summary_large_image","twitter_misc":{"Dur\u00e9e de lecture estim\u00e9e":"2 minutes"},"schema":{"@context":"https:\/\/schema.org","@graph":[{"@type":"WebPage","@id":"https:\/\/suesskindaudio.de\/versandarten","url":"https:\/\/suesskindaudio.de\/versandarten","name":"M\u00e9thodes d'exp\u00e9dition - Suesskind Audio","isPartOf":{"@id":"https:\/\/suesskindaudio.de\/#website"},"datePublished":"2021-08-28T16:49:36+00:00","dateModified":"2022-05-10T18:07:00+00:00","breadcrumb":{"@id":"https:\/\/suesskindaudio.de\/versandarten#breadcrumb"},"inLanguage":"fr-FR","potentialAction":[{"@type":"ReadAction","target":["https:\/\/suesskindaudio.de\/versandarten"]}]},{"@type":"BreadcrumbList","@id":"https:\/\/suesskindaudio.de\/versandarten#breadcrumb","itemListElement":[{"@type":"ListItem","position":1,"name":"Startseite","item":"https:\/\/suesskindaudio.de\/"},{"@type":"ListItem","position":2,"name":"Versandarten"}]},{"@type":"WebSite","@id":"https:\/\/suesskindaudio.de\/#website","url":"https:\/\/suesskindaudio.de\/","name":"Suesskind Audio","description":"D'excellents haut-parleurs faits main by Joachim Gerhard","publisher":{"@id":"https:\/\/suesskindaudio.de\/#organization"},"potentialAction":[{"@type":"SearchAction","target":{"@type":"EntryPoint","urlTemplate":"https:\/\/suesskindaudio.de\/?s={search_term_string}"},"query-input":{"@type":"PropertyValueSpecification","valueRequired":true,"valueName":"search_term_string"}}],"inLanguage":"fr-FR"},{"@type":"Organization","@id":"https:\/\/suesskindaudio.de\/#organization","name":"Suesskind Audio","url":"https:\/\/suesskindaudio.de\/","logo":{"@type":"ImageObject","inLanguage":"fr-FR","@id":"https:\/\/suesskindaudio.de\/#\/schema\/logo\/image\/","url":"https:\/\/suesskindaudio.de\/wp-content\/uploads\/2020\/06\/Suesskindaudio-Logo300.jpg","contentUrl":"https:\/\/suesskindaudio.de\/wp-content\/uploads\/2020\/06\/Suesskindaudio-Logo300.jpg","width":1449,"height":463,"caption":"Suesskind Audio"},"image":{"@id":"https:\/\/suesskindaudio.de\/#\/schema\/logo\/image\/"}}]}},"_links":{"self":[{"href":"https:\/\/suesskindaudio.de\/fr\/wp-json\/wp\/v2\/pages\/1911","targetHints":{"allow":["GET"]}}],"collection":[{"href":"https:\/\/suesskindaudio.de\/fr\/wp-json\/wp\/v2\/pages"}],"about":[{"href":"https:\/\/suesskindaudio.de\/fr\/wp-json\/wp\/v2\/types\/page"}],"author":[{"embeddable":true,"href":"https:\/\/suesskindaudio.de\/fr\/wp-json\/wp\/v2\/users\/1"}],"replies":[{"embeddable":true,"href":"https:\/\/suesskindaudio.de\/fr\/wp-json\/wp\/v2\/comments?post=1911"}],"version-history":[{"count":7,"href":"https:\/\/suesskindaudio.de\/fr\/wp-json\/wp\/v2\/pages\/1911\/revisions"}],"predecessor-version":[{"id":2317,"href":"https:\/\/suesskindaudio.de\/fr\/wp-json\/wp\/v2\/pages\/1911\/revisions\/2317"}],"wp:attachment":[{"href":"https:\/\/suesskindaudio.de\/fr\/wp-json\/wp\/v2\/media?parent=1911"}],"curies":[{"name":"wp","href":"https:\/\/api.w.org\/{rel}","templated":true}]}}