{"id":180,"date":"2020-05-04T10:25:08","date_gmt":"2020-05-04T10:25:08","guid":{"rendered":"https:\/\/test.suesskindaudio.de\/?page_id=180"},"modified":"2020-06-01T17:12:30","modified_gmt":"2020-06-01T17:12:30","slug":"philosophie","status":"publish","type":"page","link":"https:\/\/suesskindaudio.de\/zh\/philosophie","title":{"rendered":"\u54f2\u5b66"},"content":{"rendered":"<div data-elementor-type=\"wp-page\" data-elementor-id=\"180\" class=\"elementor elementor-180\" data-elementor-post-type=\"page\">\n\t\t\t\t\t\t<section class=\"elementor-section elementor-top-section elementor-element elementor-element-047fd75 elementor-section-full_width elementor-section-height-default elementor-section-height-default\" data-id=\"047fd75\" data-element_type=\"section\" data-e-type=\"section\" data-settings=\"{&quot;background_background&quot;:&quot;classic&quot;}\">\n\t\t\t\t\t\t\t<div class=\"elementor-background-overlay\"><\/div>\n\t\t\t\t\t\t\t<div class=\"elementor-container elementor-column-gap-default\">\n\t\t\t\t\t<div class=\"elementor-column elementor-col-100 elementor-top-column elementor-element elementor-element-206af88\" data-id=\"206af88\" data-element_type=\"column\" data-e-type=\"column\">\n\t\t\t<div class=\"elementor-widget-wrap elementor-element-populated\">\n\t\t\t\t\t\t<div class=\"elementor-element elementor-element-afb2216 elementor-widget elementor-widget-heading\" data-id=\"afb2216\" data-element_type=\"widget\" data-e-type=\"widget\" data-widget_type=\"heading.default\">\n\t\t\t\t<div class=\"elementor-widget-container\">\n\t\t\t\t\t<h2 class=\"elementor-heading-title elementor-size-default\">\u6211\u4eec\u7684\u4f01\u4e1a\u7406\u5ff5<\/h2>\t\t\t\t<\/div>\n\t\t\t\t<\/div>\n\t\t\t\t<div class=\"elementor-element elementor-element-056b524 elementor-widget elementor-widget-text-editor\" data-id=\"056b524\" data-element_type=\"widget\" data-e-type=\"widget\" data-widget_type=\"text-editor.default\">\n\t\t\t\t<div class=\"elementor-widget-container\">\n\t\t\t\t\t\t\t\t\t<p>Joachim Gerhard\u5f00\u53d1\u7684\u65b0\u4ea7\u54c1\u4ee5SUESSKIND Audio\u54c1\u724c\u9500\u552e\u3002\u6b64\u5916\uff0cGerhard\u5148\u751f\u4ea6\u4ee5Suesskind Audio\u7684\u540d\u4e49\u4e3a\u5176\u4ed6\u516c\u53f8\u505a\u5f00\u53d1\u3002Joachim Gerhard\u73b0\u5728\u88ab\u8ba4\u4e3a\u662f\u5fb7\u56fd\u9ad8\u7aef\u4ea7\u4e1a\u4e2d\u4e3e\u4e16\u95fb\u540d\u7684\u8001\u724c\u4f01\u4e1a\u3002\u4ed6\u7684\u540d\u58f0\u662f\u57fa\u4e8e\u4ed6\u4f5c\u4e3aAudio Physic GmbH\u7684\u5f00\u53d1\u8005\u3001\u8054\u5408\u521b\u59cb\u4eba\u548c\u540e\u6765\u7684\u552f\u4e00\u6240\u6709\u8005\u7684\u4f20\u5947\u6027\u6210\u529f\u3002\u4ed6\u7684\u8bb8\u591a\u60f3\u6cd5\u90fd\u88ab\u7f16\u5165\u4e13\u4e1a\u4e66\u7c4d\u548c\u79d1\u5b66\u8bba\u6587\uff0c\u6216\u88ab\u7eb3\u5165\u3001\u5e94\u7528\u4e8e\u5176\u4ed6\u4ea7\u54c1\u3002<br \/><br \/>\u9057\u61be\u7684\u662f\uff0c\u8fd1\u51e0\u5e74\u6765\uff0c\u6211\u4eec\u770b\u5230\u4ece\u8425\u9500\u6bd4\u8868\u73b0\u91cd\u8981\u7684\u8d8b\u52bf\u8d8a\u6765\u8d8a\u660e\u663e\u3002\u8fd9\u5bfc\u81f4\u5f88\u591a\u516c\u53f8\u7684\u538b\u529b\u8d8a\u6765\u8d8a\u5927\uff0c\u8ba9\u5458\u5de5\u611f\u5230\u5f88\u6c89\u91cd\u3002\u7528\u66f4\u5c11\u7684\u65f6\u95f4\u505a\u66f4\u591a\u7684\u5de5\u4f5c\uff0c\u5728\u76f8\u540c\u7684\u65f6\u95f4\u5185\uff0c\u65b0\u4ea7\u54c1\u8d8a\u6765\u8d8a\u591a\u3002\u9644\u52a0\u503c\u6b63\u5728\u5411\u8fdc\u4e1c\u8f6c\u79fb\u3002\u5458\u5de5\u7684\u521b\u65b0\u7a7a\u95f4\u8d8a\u6765\u8d8a\u5c0f\uff0c\u7ba1\u7406\u65b9\u5f0f\u8981\u6c42\u5bf9Nibelung\u7684\u5fe0\u8bda\u3002\u4e00\u5207\u4e0d\u670d\u4ece\u4e8e\u7ecf\u4fee\u9970\u7684 \"\u5f62\u8c61\u6587\u5316\"\uff0c\u90fd\u4f1a\u88ab\u7b80\u5355\u7247\u9762\u7684\u5168\u7403\u5316\u548c\u6da8\u4ef7\u7684\u8bba\u8c03\u626b\u5230\u60c5\u7eea\u5316\u7684\u5730\u6bef\u4e0b\u3002\u5e02\u573a\u4e0a\u613f\u610f\u76f2\u76ee\u5730\u670d\u4ece\u7684\u6c42\u804c\u8005\u591a\u7684\u662f\u3002\u5bf9\u6240\u8c13\u7684\u8c03\u6027\u548c\u5f62\u5f0f\u4e0a\u7684\u7a81\u7834\u6807\u51c6\uff0c\u90fd\u6709\u4e00\u79cd\u53ef\u89c4\u5212\u3001\u53ef\u5f62\u5f0f\u5316\u7684\u5b9a\u4e49\u3002\u4e3a\u4e86\u7b26\u5408\u6d88\u8d39\u7fa4\u4f53\u7684\u559c\u597d\uff0c\u4ea7\u54c1\u9020\u578b\u6539\u4e3a\u7eff\u8272\u9910\u684c\u3002\u7b80\u5355\u7684\u8bf4\uff0c\u6bcf\u5929\u8ba1\u5212\u597d\u7684\u7684\u7b2c\u4e00\u4ef6\u4e8b\u5c31\u662f\u673a\u68b0\u5f0f\u7684\u5982\u4f55\u5feb\u901f\u8d5a\u53d6\u66f4\u591a\u7684\u94b1\u3002<br \/><br \/>Joachim Gerhard\u8fc7\u53bb\u8d8a\u6765\u8d8a\u6e05\u695a\uff0c\u8fd9\u4e0d\u662f\u4ed6\u60f3\u53d8\u6210\u7684\u6837\u5b50\u3002\u76f8\u53cd\uff0c\u4ed6\u7684\u4f01\u4e1a\u7406\u5ff5\u662f\u5efa\u7acb\u5728\u793e\u4f1a\u5e02\u573a\u7684\u7ecf\u6d4e\u4ef7\u503c\u89c2\u57fa\u7840\u4e0a\uff0c\u8fd9\u4f7f\u5f97\u5fb7\u56fd\u4f01\u4e1a\u5728\u4e94\u5341\u5e74\u4ee3\u548c\u4e03\u5341\u5e74\u4ee3\u95fb\u540d\u4e8e\u4e16\u3002\u5173\u6ce8\u7684\u91cd\u70b9\u662f\u5458\u5de5\u4e2a\u4eba\uff0c\u4ea7\u54c1\u53ea\u662f\u4e00\u79cd\u7efc\u5408\u601d\u7ef4\u65b9\u5f0f\u7684\u4f53\u73b0\uff0c\u8fd9\u79cd\u601d\u7ef4\u65b9\u5f0f\u4ee5\u516c\u53f8\u6240\u6709\u76f8\u5173\u4eba\u5458\u7684\u798f\u7949\u4e3a\u4e2d\u5fc3\u3002\u5f53\u7136\uff0c\u5728Suesskind\u4e0d\u4ec5\u8981\u5e86\u795d\u5de5\u4f5c\u7684\u5feb\u4e50\uff0c\u5f53\u7136\u8fd8\u6709\u6211\u4eec\u4ea7\u54c1\u7684\u4f7f\u7528\u8005\uff0c\u4e5f\u5c31\u662f\u60a8! \u6211\u4eec\u6bcf\u5929\u90fd\u4e50\u4e8e\u4e3a\u5b9e\u73b0\u8fd9\u4e00\u76ee\u6807\u800c\u5168\u529b\u4ee5\u8d74\u3002<\/p>\t\t\t\t\t\t\t\t<\/div>\n\t\t\t\t<\/div>\n\t\t\t\t\t<\/div>\n\t\t<\/div>\n\t\t\t\t\t<\/div>\n\t\t<\/section>\n\t\t\t\t<\/div>","protected":false},"excerpt":{"rendered":"<p>Unsere Unternehmensphilosophie Unter dem Label SUESSKIND Audio werden neue, von Joachim Gerhard entwickelte Produkte verkauft. Au\u00dferdem steht Herr Gerhard \u00fcber Suesskind Audio als Entwickler f\u00fcr andere Firmen zur Verf\u00fcgung. Joachim Gerhard gilt mittlerweile als weltbekanntes Urgestein der deutschen High-End-Branche. Seinen Ruf begr\u00fcndete er mit legend\u00e4ren Erfolgen als Entwickler, Mitbegr\u00fcnder und sp\u00e4terer Alleineigent\u00fcmer der Audio Physic [&hellip;]<\/p>\n","protected":false},"author":1,"featured_media":0,"parent":0,"menu_order":0,"comment_status":"closed","ping_status":"closed","template":"","meta":{"_monsterinsights_skip_tracking":false,"_monsterinsights_sitenote_active":false,"_monsterinsights_sitenote_note":"","_monsterinsights_sitenote_category":0,"ocean_post_layout":"full-screen","ocean_both_sidebars_style":"","ocean_both_sidebars_content_width":0,"ocean_both_sidebars_sidebars_width":0,"ocean_sidebar":"0","ocean_second_sidebar":"0","ocean_disable_margins":"enable","ocean_add_body_class":"","ocean_shortcode_before_top_bar":"","ocean_shortcode_after_top_bar":"","ocean_shortcode_before_header":"","ocean_shortcode_after_header":"","ocean_has_shortcode":"","ocean_shortcode_after_title":"","ocean_shortcode_before_footer_widgets":"","ocean_shortcode_after_footer_widgets":"","ocean_shortcode_before_footer_bottom":"","ocean_shortcode_after_footer_bottom":"","ocean_display_top_bar":"off","ocean_display_header":"default","ocean_header_style":"","ocean_center_header_left_menu":"0","ocean_custom_header_template":"0","ocean_custom_logo":0,"ocean_custom_retina_logo":0,"ocean_custom_logo_max_width":0,"ocean_custom_logo_tablet_max_width":0,"ocean_custom_logo_mobile_max_width":0,"ocean_custom_logo_max_height":0,"ocean_custom_logo_tablet_max_height":0,"ocean_custom_logo_mobile_max_height":0,"ocean_header_custom_menu":"0","ocean_menu_typo_font_family":"0","ocean_menu_typo_font_subset":"","ocean_menu_typo_font_size":0,"ocean_menu_typo_font_size_tablet":0,"ocean_menu_typo_font_size_mobile":0,"ocean_menu_typo_font_size_unit":"px","ocean_menu_typo_font_weight":"","ocean_menu_typo_font_weight_tablet":"","ocean_menu_typo_font_weight_mobile":"","ocean_menu_typo_transform":"","ocean_menu_typo_transform_tablet":"","ocean_menu_typo_transform_mobile":"","ocean_menu_typo_line_height":0,"ocean_menu_typo_line_height_tablet":0,"ocean_menu_typo_line_height_mobile":0,"ocean_menu_typo_line_height_unit":"","ocean_menu_typo_spacing":0,"ocean_menu_typo_spacing_tablet":0,"ocean_menu_typo_spacing_mobile":0,"ocean_menu_typo_spacing_unit":"","ocean_menu_link_color":"","ocean_menu_link_color_hover":"","ocean_menu_link_color_active":"","ocean_menu_link_background":"","ocean_menu_link_hover_background":"","ocean_menu_link_active_background":"","ocean_menu_social_links_bg":"","ocean_menu_social_hover_links_bg":"","ocean_menu_social_links_color":"","ocean_menu_social_hover_links_color":"","ocean_disable_title":"on","ocean_disable_heading":"default","ocean_post_title":"","ocean_post_subheading":"","ocean_post_title_style":"","ocean_post_title_background_color":"","ocean_post_title_background":0,"ocean_post_title_bg_image_position":"","ocean_post_title_bg_image_attachment":"","ocean_post_title_bg_image_repeat":"","ocean_post_title_bg_image_size":"","ocean_post_title_height":0,"ocean_post_title_bg_overlay":0.5,"ocean_post_title_bg_overlay_color":"","ocean_disable_breadcrumbs":"default","ocean_breadcrumbs_color":"","ocean_breadcrumbs_separator_color":"","ocean_breadcrumbs_links_color":"","ocean_breadcrumbs_links_hover_color":"","ocean_display_footer_widgets":"default","ocean_display_footer_bottom":"default","ocean_custom_footer_template":"0","footnotes":""},"class_list":["post-180","page","type-page","status-publish","hentry","entry"],"yoast_head":"<!-- This site is optimized with the Yoast SEO plugin v26.8 - https:\/\/yoast.com\/product\/yoast-seo-wordpress\/ -->\n<title>Philosophie - Suesskind Audio<\/title>\n<meta name=\"robots\" content=\"index, follow, max-snippet:-1, max-image-preview:large, max-video-preview:-1\" \/>\n<link rel=\"canonical\" href=\"https:\/\/suesskindaudio.de\/zh\/philosophie\/\" \/>\n<meta property=\"og:locale\" content=\"zh_CN\" \/>\n<meta property=\"og:type\" content=\"article\" \/>\n<meta property=\"og:title\" content=\"Philosophie - Suesskind Audio\" \/>\n<meta property=\"og:description\" content=\"Unsere Unternehmensphilosophie Unter dem Label SUESSKIND Audio werden neue, von Joachim Gerhard entwickelte Produkte verkauft. Au\u00dferdem steht Herr Gerhard \u00fcber Suesskind Audio als Entwickler f\u00fcr andere Firmen zur Verf\u00fcgung. Joachim Gerhard gilt mittlerweile als weltbekanntes Urgestein der deutschen High-End-Branche. Seinen Ruf begr\u00fcndete er mit legend\u00e4ren Erfolgen als Entwickler, Mitbegr\u00fcnder und sp\u00e4terer Alleineigent\u00fcmer der Audio Physic [&hellip;]\" \/>\n<meta property=\"og:url\" content=\"https:\/\/suesskindaudio.de\/zh\/philosophie\/\" \/>\n<meta property=\"og:site_name\" content=\"Suesskind Audio\" \/>\n<meta property=\"article:modified_time\" content=\"2020-06-01T17:12:30+00:00\" \/>\n<meta name=\"twitter:card\" content=\"summary_large_image\" \/>\n<meta name=\"twitter:label1\" content=\"\u9884\u8ba1\u9605\u8bfb\u65f6\u95f4\" \/>\n\t<meta name=\"twitter:data1\" content=\"2 \u5206\" \/>\n<script type=\"application\/ld+json\" class=\"yoast-schema-graph\">{\"@context\":\"https:\/\/schema.org\",\"@graph\":[{\"@type\":\"WebPage\",\"@id\":\"https:\/\/suesskindaudio.de\/philosophie\",\"url\":\"https:\/\/suesskindaudio.de\/philosophie\",\"name\":\"Philosophie - Suesskind Audio\",\"isPartOf\":{\"@id\":\"https:\/\/suesskindaudio.de\/#website\"},\"datePublished\":\"2020-05-04T10:25:08+00:00\",\"dateModified\":\"2020-06-01T17:12:30+00:00\",\"breadcrumb\":{\"@id\":\"https:\/\/suesskindaudio.de\/philosophie#breadcrumb\"},\"inLanguage\":\"zh-Hans\",\"potentialAction\":[{\"@type\":\"ReadAction\",\"target\":[\"https:\/\/suesskindaudio.de\/philosophie\"]}]},{\"@type\":\"BreadcrumbList\",\"@id\":\"https:\/\/suesskindaudio.de\/philosophie#breadcrumb\",\"itemListElement\":[{\"@type\":\"ListItem\",\"position\":1,\"name\":\"Startseite\",\"item\":\"https:\/\/suesskindaudio.de\/\"},{\"@type\":\"ListItem\",\"position\":2,\"name\":\"Philosophie\"}]},{\"@type\":\"WebSite\",\"@id\":\"https:\/\/suesskindaudio.de\/#website\",\"url\":\"https:\/\/suesskindaudio.de\/\",\"name\":\"Suesskind Audio\",\"description\":\"Hervorragende handgefertigte Lautsprecher by Joachim Gerhard\",\"publisher\":{\"@id\":\"https:\/\/suesskindaudio.de\/#organization\"},\"potentialAction\":[{\"@type\":\"SearchAction\",\"target\":{\"@type\":\"EntryPoint\",\"urlTemplate\":\"https:\/\/suesskindaudio.de\/?s={search_term_string}\"},\"query-input\":{\"@type\":\"PropertyValueSpecification\",\"valueRequired\":true,\"valueName\":\"search_term_string\"}}],\"inLanguage\":\"zh-Hans\"},{\"@type\":\"Organization\",\"@id\":\"https:\/\/suesskindaudio.de\/#organization\",\"name\":\"Suesskind Audio\",\"url\":\"https:\/\/suesskindaudio.de\/\",\"logo\":{\"@type\":\"ImageObject\",\"inLanguage\":\"zh-Hans\",\"@id\":\"https:\/\/suesskindaudio.de\/#\/schema\/logo\/image\/\",\"url\":\"https:\/\/suesskindaudio.de\/wp-content\/uploads\/2020\/06\/Suesskindaudio-Logo300.jpg\",\"contentUrl\":\"https:\/\/suesskindaudio.de\/wp-content\/uploads\/2020\/06\/Suesskindaudio-Logo300.jpg\",\"width\":1449,\"height\":463,\"caption\":\"Suesskind Audio\"},\"image\":{\"@id\":\"https:\/\/suesskindaudio.de\/#\/schema\/logo\/image\/\"}}]}<\/script>\n<!-- \/ Yoast SEO plugin. -->","yoast_head_json":{"title":"\u54f2\u5b66 - Suesskind\u97f3\u9891","robots":{"index":"index","follow":"follow","max-snippet":"max-snippet:-1","max-image-preview":"max-image-preview:large","max-video-preview":"max-video-preview:-1"},"canonical":"https:\/\/suesskindaudio.de\/zh\/philosophie\/","og_locale":"zh_CN","og_type":"article","og_title":"Philosophie - Suesskind Audio","og_description":"Unsere Unternehmensphilosophie Unter dem Label SUESSKIND Audio werden neue, von Joachim Gerhard entwickelte Produkte verkauft. Au\u00dferdem steht Herr Gerhard \u00fcber Suesskind Audio als Entwickler f\u00fcr andere Firmen zur Verf\u00fcgung. Joachim Gerhard gilt mittlerweile als weltbekanntes Urgestein der deutschen High-End-Branche. Seinen Ruf begr\u00fcndete er mit legend\u00e4ren Erfolgen als Entwickler, Mitbegr\u00fcnder und sp\u00e4terer Alleineigent\u00fcmer der Audio Physic [&hellip;]","og_url":"https:\/\/suesskindaudio.de\/zh\/philosophie\/","og_site_name":"Suesskind Audio","article_modified_time":"2020-06-01T17:12:30+00:00","twitter_card":"summary_large_image","twitter_misc":{"\u9884\u8ba1\u9605\u8bfb\u65f6\u95f4":"2 \u5206"},"schema":{"@context":"https:\/\/schema.org","@graph":[{"@type":"WebPage","@id":"https:\/\/suesskindaudio.de\/philosophie","url":"https:\/\/suesskindaudio.de\/philosophie","name":"\u54f2\u5b66 - Suesskind\u97f3\u9891","isPartOf":{"@id":"https:\/\/suesskindaudio.de\/#website"},"datePublished":"2020-05-04T10:25:08+00:00","dateModified":"2020-06-01T17:12:30+00:00","breadcrumb":{"@id":"https:\/\/suesskindaudio.de\/philosophie#breadcrumb"},"inLanguage":"zh-Hans","potentialAction":[{"@type":"ReadAction","target":["https:\/\/suesskindaudio.de\/philosophie"]}]},{"@type":"BreadcrumbList","@id":"https:\/\/suesskindaudio.de\/philosophie#breadcrumb","itemListElement":[{"@type":"ListItem","position":1,"name":"Startseite","item":"https:\/\/suesskindaudio.de\/"},{"@type":"ListItem","position":2,"name":"Philosophie"}]},{"@type":"WebSite","@id":"https:\/\/suesskindaudio.de\/#website","url":"https:\/\/suesskindaudio.de\/","name":"Suesskind\u97f3\u9891","description":"Joachim Gerhard \u5236\u4f5c\u7684\u6770\u51fa\u624b\u5de5\u626c\u58f0\u5668","publisher":{"@id":"https:\/\/suesskindaudio.de\/#organization"},"potentialAction":[{"@type":"SearchAction","target":{"@type":"EntryPoint","urlTemplate":"https:\/\/suesskindaudio.de\/?s={search_term_string}"},"query-input":{"@type":"PropertyValueSpecification","valueRequired":true,"valueName":"search_term_string"}}],"inLanguage":"zh-Hans"},{"@type":"Organization","@id":"https:\/\/suesskindaudio.de\/#organization","name":"Suesskind\u97f3\u9891","url":"https:\/\/suesskindaudio.de\/","logo":{"@type":"ImageObject","inLanguage":"zh-Hans","@id":"https:\/\/suesskindaudio.de\/#\/schema\/logo\/image\/","url":"https:\/\/suesskindaudio.de\/wp-content\/uploads\/2020\/06\/Suesskindaudio-Logo300.jpg","contentUrl":"https:\/\/suesskindaudio.de\/wp-content\/uploads\/2020\/06\/Suesskindaudio-Logo300.jpg","width":1449,"height":463,"caption":"Suesskind Audio"},"image":{"@id":"https:\/\/suesskindaudio.de\/#\/schema\/logo\/image\/"}}]}},"_links":{"self":[{"href":"https:\/\/suesskindaudio.de\/zh\/wp-json\/wp\/v2\/pages\/180","targetHints":{"allow":["GET"]}}],"collection":[{"href":"https:\/\/suesskindaudio.de\/zh\/wp-json\/wp\/v2\/pages"}],"about":[{"href":"https:\/\/suesskindaudio.de\/zh\/wp-json\/wp\/v2\/types\/page"}],"author":[{"embeddable":true,"href":"https:\/\/suesskindaudio.de\/zh\/wp-json\/wp\/v2\/users\/1"}],"replies":[{"embeddable":true,"href":"https:\/\/suesskindaudio.de\/zh\/wp-json\/wp\/v2\/comments?post=180"}],"version-history":[{"count":13,"href":"https:\/\/suesskindaudio.de\/zh\/wp-json\/wp\/v2\/pages\/180\/revisions"}],"predecessor-version":[{"id":984,"href":"https:\/\/suesskindaudio.de\/zh\/wp-json\/wp\/v2\/pages\/180\/revisions\/984"}],"wp:attachment":[{"href":"https:\/\/suesskindaudio.de\/zh\/wp-json\/wp\/v2\/media?parent=180"}],"curies":[{"name":"wp","href":"https:\/\/api.w.org\/{rel}","templated":true}]}}